{"id":5862,"date":"2023-06-13T08:37:53","date_gmt":"2023-06-13T08:37:53","guid":{"rendered":"https:\/\/www.mfpackaging.it\/homepage-1\/"},"modified":"2024-12-04T15:40:33","modified_gmt":"2024-12-04T15:40:33","slug":"homepage-1","status":"publish","type":"page","link":"https:\/\/www.mfpackaging.it\/es\/","title":{"rendered":"Homepage"},"content":{"rendered":"<div class=\"em em-view-container\" id=\"em-view-1088608037\" data-view=\"event\">\r\n\t<div class=\"em em-item em-item-single em-event em-event-single em-event-25 \" id=\"em-event-1088608037\" data-view-id=\"1088608037\">\r\n\t\t<div class=\"event-single_wrapper row\">\r\n        <div class=\"event-single_content wgl_col-3 calendar\">\r\n            <h6><i class=\"flaticon flaticon-calendar\"><\/i>DATE & TIME:<\/h6>\r\n            <p style=\"padding-left: 29px;\">noviembre 4, 2024 - noviembre 7, 2024<\/br>\r\n            All Day<\/p>\r\n        <\/div>\r\n        \r\n        <div class=\"event-single_content wgl_col-3 location\">\r\n            <h6><i class=\"flaticon flaticon-placeholder\"><\/i>LOCATION:<\/h6>\r\n            <p style=\"padding-left: 29px;\"><a href=\"https:\/\/www.mfpackaging.it\/locations\/immeuble-le-wilson-2\/\">Immeuble le Wilson<\/a><\/p>\r\n        <\/div>\r\n        \r\n        \r\n        \r\n        <div class=\"wgl_col-12 wgl_delimeter\"><\/div>\r\n    <\/div>\r\n    <section class=\"em-event-content\">\r\n        \t\t<div data-elementor-type=\"wp-post\" data-elementor-id=\"6922\" class=\"elementor elementor-6922 elementor-6919\">\n\t\t\t\t\t\t\t\t\t<section class=\"elementor-section elementor-top-section elementor-element elementor-element-1583088c elementor-section-boxed elementor-section-height-default elementor-section-height-default\" data-id=\"1583088c\" data-element_type=\"section\">\n\t\t\t\t\t\t<div class=\"elementor-container elementor-column-gap-default\">\n\t\t\t\t\t<div class=\"elementor-column elementor-col-100 elementor-top-column elementor-element elementor-element-53348148\" data-id=\"53348148\" data-element_type=\"column\">\n\t\t\t<div class=\"elementor-widget-wrap elementor-element-populated\">\n\t\t\t\t\t\t\t\t<div class=\"elementor-element elementor-element-b7d8f2e elementor-widget elementor-widget-google_maps\" data-id=\"b7d8f2e\" data-element_type=\"widget\" data-widget_type=\"google_maps.default\">\n\t\t\t\t<div class=\"elementor-widget-container\">\n\t\t\t\t\t<div class=\"elementor-custom-embed\">\n\t\t\t<iframe loading=\"lazy\"\n\t\t\t\t\tsrc=\"https:\/\/maps.google.com\/maps?q=%2070%20Av.%20du%20Pr%C3%A9sident%20Wilson%2C%2092058%20Paris%2C%20Francia&#038;t=m&#038;z=12&#038;output=embed&#038;iwloc=near\"\n\t\t\t\t\ttitle=\" 70 Av. du Pr\u00e9sident Wilson, 92058 Paris, Francia\"\n\t\t\t\t\taria-label=\" 70 Av. du Pr\u00e9sident Wilson, 92058 Paris, Francia\"\n\t\t\t><\/iframe>\n\t\t<\/div>\n\t\t\t\t<\/div>\n\t\t\t\t<\/div>\n\t\t\t\t<div class=\"elementor-element elementor-element-1bc38d7b elementor-widget elementor-widget-spacer\" data-id=\"1bc38d7b\" data-element_type=\"widget\" data-widget_type=\"spacer.default\">\n\t\t\t\t<div class=\"elementor-widget-container\">\n\t\t\t\t\t<div class=\"elementor-spacer\">\n\t\t\t<div class=\"elementor-spacer-inner\"><\/div>\n\t\t<\/div>\n\t\t\t\t<\/div>\n\t\t\t\t<\/div>\n\t\t\t\t\t<\/div>\n\t\t<\/div>\n\t\t\t\t\t\t\t<\/div>\n\t\t<\/section>\n\t\t\t\t<section class=\"elementor-section elementor-top-section elementor-element elementor-element-33a8a40 elementor-section-boxed elementor-section-height-default elementor-section-height-default\" data-id=\"33a8a40\" data-element_type=\"section\">\n\t\t\t\t\t\t<div class=\"elementor-container elementor-column-gap-default\">\n\t\t\t\t\t<div class=\"elementor-column elementor-col-50 elementor-top-column elementor-element elementor-element-4a169a55 sticky-sidebar\" data-id=\"4a169a55\" data-element_type=\"column\">\n\t\t\t<div class=\"elementor-widget-wrap elementor-element-populated\">\n\t\t\t\t\t\t\t\t<div class=\"elementor-element elementor-element-4589fc67 aleft elementor-widget elementor-widget-wgl-double-heading\" data-id=\"4589fc67\" data-element_type=\"widget\" data-widget_type=\"wgl-double-heading.default\">\n\t\t\t\t<div class=\"elementor-widget-container\">\n\t\t\t<div class=\"wgl-double-heading\"><div class=\"dblh__wrapper\"><h3 class=\"dblh__title-wrapper\"><span class=\"dblh__title dblh__title-1\">Participa a la revoluci\u00f3n del embalaje<\/span><\/h3><\/div><\/div>\t\t<\/div>\n\t\t\t\t<\/div>\n\t\t\t\t\t<\/div>\n\t\t<\/div>\n\t\t\t\t<div class=\"elementor-column elementor-col-50 elementor-top-column elementor-element elementor-element-2e01050e\" data-id=\"2e01050e\" data-element_type=\"column\">\n\t\t\t<div class=\"elementor-widget-wrap elementor-element-populated\">\n\t\t\t\t\t\t\t\t<div class=\"elementor-element elementor-element-276bc8c6 elementor-widget elementor-widget-text-editor\" data-id=\"276bc8c6\" data-element_type=\"widget\" data-widget_type=\"text-editor.default\">\n\t\t\t\t<div class=\"elementor-widget-container\">\n\t\t\t\t\t\t\t<p>MF se complace en invitarle a All4Pack Emballage Paris, \u00a1donde toma forma la revoluci\u00f3n del embalaje!<\/p><p>Este centro global para la industria del embalaje exhibir\u00e1 los \u00faltimos desarrollos en embalaje innovador, log\u00edstica de maquinaria, procesamiento, impresi\u00f3n y m\u00e1s. Esta es su oportunidad de conectarse con nosotros en Mf Packaging y descubrir nuestras soluciones m\u00e1s recientes y revolucionarias.<\/p><p>Ven a visitarnos a nuestros amigos de la empresa Ets Prud&#8217;Homme en su stand 5 E096.<\/p>\t\t\t\t\t\t<\/div>\n\t\t\t\t<\/div>\n\t\t\t\t<div class=\"elementor-element elementor-element-c1d880c elementor-widget elementor-widget-spacer\" data-id=\"c1d880c\" data-element_type=\"widget\" data-widget_type=\"spacer.default\">\n\t\t\t\t<div class=\"elementor-widget-container\">\n\t\t\t\t\t<div class=\"elementor-spacer\">\n\t\t\t<div class=\"elementor-spacer-inner\"><\/div>\n\t\t<\/div>\n\t\t\t\t<\/div>\n\t\t\t\t<\/div>\n\t\t\t\t\t<\/div>\n\t\t<\/div>\n\t\t\t\t\t\t\t<\/div>\n\t\t<\/section>\n\t\t\t\t\t\t\t<\/div>\n\t\t\r\n    <\/section>\r\n    \t<\/div>\r\n<\/div>\r\n\t","protected":false},"excerpt":{"rendered":"<p>You create, we pack. Packaging machines beyond expectations. alimentarefarmaceuticofoodfoodalimentarefoodalimentarefoodfoodPharmaceuticnutraceuticalcosmeticalimentarepharmaceuticalcosmeticfoodfoodalimentarepharmaceuticalcosmeticalimentarefoodfoodpharmaceuticalpet foodfoodalimentarefoodchimicopharmaceuticalpharmaceuticalfoodpharmaceuticalnutraceuticalfoodfoodcosmeticofarmaceuticonutraceutica Experiencia de m\u00e1s de 35 a\u00f1os en m\u00e1quinas empaquetadoras verticales para sobres monodosis y l\u00edneas de embalaje Farmac\u00e9uticadescubre m\u00e1s Alimentariadescubre m\u00e1s Nutrac\u00e9uticadescubre m\u00e1s Cosm\u00e9ticadescubre m\u00e1s 4500Clientesen todo el mundo 350a\u00f1os deexperiencia 1000%componentes mec\u00e1nicos fabricados en Italia Envasadoras para sachetdescubre m\u00e1sEnvasadoras par stickdescubre m\u00e1sL\u00edneas completas descubre [&hellip;]<\/p>\n","protected":false},"author":1,"featured_media":0,"parent":0,"menu_order":0,"comment_status":"closed","ping_status":"closed","template":"","meta":{"footnotes":""},"yoast_head":"<!-- This site is optimized with the Yoast SEO plugin v22.0 - https:\/\/yoast.com\/wordpress\/plugins\/seo\/ -->\n<title>M\u00e1quinas envasadoras para embalaje - MF Packaging<\/title>\n<meta name=\"description\" content=\"Descubre las m\u00e1quinas para envasar sobres de az\u00facar, cosm\u00e9ticos, miel y mucho m\u00e1s. \u00a1Entra en el mundo de las m\u00e1quinas envasadoras!\" \/>\n<meta name=\"robots\" content=\"index, follow, max-snippet:-1, max-image-preview:large, max-video-preview:-1\" \/>\n<link rel=\"canonical\" href=\"https:\/\/www.mfpackaging.it\/es\/\" \/>\n<meta property=\"og:locale\" content=\"es_ES\" \/>\n<meta property=\"og:type\" content=\"article\" \/>\n<meta property=\"og:title\" content=\"M\u00e1quinas envasadoras para embalaje - MF Packaging\" \/>\n<meta property=\"og:description\" content=\"Descubre las m\u00e1quinas para envasar sobres de az\u00facar, cosm\u00e9ticos, miel y mucho m\u00e1s. \u00a1Entra en el mundo de las m\u00e1quinas envasadoras!\" \/>\n<meta property=\"og:url\" content=\"https:\/\/www.mfpackaging.it\/es\/\" \/>\n<meta property=\"og:site_name\" content=\"MF Packaging Machines\" \/>\n<meta property=\"article:modified_time\" content=\"2024-12-04T15:40:33+00:00\" \/>\n<meta property=\"og:image\" content=\"https:\/\/www.mfpackaging.it\/wp-content\/uploads\/2024\/02\/mf-pack-10800-1080x1080.jpg\" \/>\n<meta name=\"twitter:card\" content=\"summary_large_image\" \/>\n<meta name=\"twitter:label1\" content=\"Tiempo de lectura\" \/>\n\t<meta name=\"twitter:data1\" content=\"24 minutos\" \/>\n<script type=\"application\/ld+json\" class=\"yoast-schema-graph\">{\"@context\":\"https:\/\/schema.org\",\"@graph\":[{\"@type\":\"WebPage\",\"@id\":\"https:\/\/www.mfpackaging.it\/es\/\",\"url\":\"https:\/\/www.mfpackaging.it\/es\/\",\"name\":\"M\u00e1quinas envasadoras para embalaje - MF Packaging\",\"isPartOf\":{\"@id\":\"https:\/\/www.mfpackaging.it\/#website\"},\"datePublished\":\"2023-06-13T08:37:53+00:00\",\"dateModified\":\"2024-12-04T15:40:33+00:00\",\"description\":\"Descubre las m\u00e1quinas para envasar sobres de az\u00facar, cosm\u00e9ticos, miel y mucho m\u00e1s. \u00a1Entra en el mundo de las m\u00e1quinas envasadoras!\",\"breadcrumb\":{\"@id\":\"https:\/\/www.mfpackaging.it\/es\/#breadcrumb\"},\"inLanguage\":\"es\",\"potentialAction\":[{\"@type\":\"ReadAction\",\"target\":[\"https:\/\/www.mfpackaging.it\/es\/\"]}]},{\"@type\":\"BreadcrumbList\",\"@id\":\"https:\/\/www.mfpackaging.it\/es\/#breadcrumb\",\"itemListElement\":[{\"@type\":\"ListItem\",\"position\":1,\"name\":\"Home\",\"item\":\"https:\/\/www.mfpackaging.it\/es\/\"},{\"@type\":\"ListItem\",\"position\":2,\"name\":\"Homepage\"}]},{\"@type\":\"WebSite\",\"@id\":\"https:\/\/www.mfpackaging.it\/#website\",\"url\":\"https:\/\/www.mfpackaging.it\/\",\"name\":\"MF Packaging Machine\",\"description\":\"Let&#039;s pack your business\",\"potentialAction\":[{\"@type\":\"SearchAction\",\"target\":{\"@type\":\"EntryPoint\",\"urlTemplate\":\"https:\/\/www.mfpackaging.it\/?s={search_term_string}\"},\"query-input\":\"required name=search_term_string\"}],\"inLanguage\":\"es\"}]}<\/script>\n<!-- \/ Yoast SEO plugin. -->","yoast_head_json":{"title":"M\u00e1quinas envasadoras para embalaje - MF Packaging","description":"Descubre las m\u00e1quinas para envasar sobres de az\u00facar, cosm\u00e9ticos, miel y mucho m\u00e1s. \u00a1Entra en el mundo de las m\u00e1quinas envasadoras!","robots":{"index":"index","follow":"follow","max-snippet":"max-snippet:-1","max-image-preview":"max-image-preview:large","max-video-preview":"max-video-preview:-1"},"canonical":"https:\/\/www.mfpackaging.it\/es\/","og_locale":"es_ES","og_type":"article","og_title":"M\u00e1quinas envasadoras para embalaje - MF Packaging","og_description":"Descubre las m\u00e1quinas para envasar sobres de az\u00facar, cosm\u00e9ticos, miel y mucho m\u00e1s. \u00a1Entra en el mundo de las m\u00e1quinas envasadoras!","og_url":"https:\/\/www.mfpackaging.it\/es\/","og_site_name":"MF Packaging Machines","article_modified_time":"2024-12-04T15:40:33+00:00","og_image":[{"url":"https:\/\/www.mfpackaging.it\/wp-content\/uploads\/2024\/02\/mf-pack-10800-1080x1080.jpg"}],"twitter_card":"summary_large_image","twitter_misc":{"Tiempo de lectura":"24 minutos"},"schema":{"@context":"https:\/\/schema.org","@graph":[{"@type":"WebPage","@id":"https:\/\/www.mfpackaging.it\/es\/","url":"https:\/\/www.mfpackaging.it\/es\/","name":"M\u00e1quinas envasadoras para embalaje - MF Packaging","isPartOf":{"@id":"https:\/\/www.mfpackaging.it\/#website"},"datePublished":"2023-06-13T08:37:53+00:00","dateModified":"2024-12-04T15:40:33+00:00","description":"Descubre las m\u00e1quinas para envasar sobres de az\u00facar, cosm\u00e9ticos, miel y mucho m\u00e1s. \u00a1Entra en el mundo de las m\u00e1quinas envasadoras!","breadcrumb":{"@id":"https:\/\/www.mfpackaging.it\/es\/#breadcrumb"},"inLanguage":"es","potentialAction":[{"@type":"ReadAction","target":["https:\/\/www.mfpackaging.it\/es\/"]}]},{"@type":"BreadcrumbList","@id":"https:\/\/www.mfpackaging.it\/es\/#breadcrumb","itemListElement":[{"@type":"ListItem","position":1,"name":"Home","item":"https:\/\/www.mfpackaging.it\/es\/"},{"@type":"ListItem","position":2,"name":"Homepage"}]},{"@type":"WebSite","@id":"https:\/\/www.mfpackaging.it\/#website","url":"https:\/\/www.mfpackaging.it\/","name":"MF Packaging Machine","description":"Let&#039;s pack your business","potentialAction":[{"@type":"SearchAction","target":{"@type":"EntryPoint","urlTemplate":"https:\/\/www.mfpackaging.it\/?s={search_term_string}"},"query-input":"required name=search_term_string"}],"inLanguage":"es"}]}},"featured_image_src":null,"featured_image_src_square":null,"_links":{"self":[{"href":"https:\/\/www.mfpackaging.it\/es\/wp-json\/wp\/v2\/pages\/5862"}],"collection":[{"href":"https:\/\/www.mfpackaging.it\/es\/wp-json\/wp\/v2\/pages"}],"about":[{"href":"https:\/\/www.mfpackaging.it\/es\/wp-json\/wp\/v2\/types\/page"}],"author":[{"embeddable":true,"href":"https:\/\/www.mfpackaging.it\/es\/wp-json\/wp\/v2\/users\/1"}],"replies":[{"embeddable":true,"href":"https:\/\/www.mfpackaging.it\/es\/wp-json\/wp\/v2\/comments?post=5862"}],"version-history":[{"count":0,"href":"https:\/\/www.mfpackaging.it\/es\/wp-json\/wp\/v2\/pages\/5862\/revisions"}],"wp:attachment":[{"href":"https:\/\/www.mfpackaging.it\/es\/wp-json\/wp\/v2\/media?parent=5862"}],"curies":[{"name":"wp","href":"https:\/\/api.w.org\/{rel}","templated":true}]}}