{"id":5890,"date":"2023-05-29T09:38:04","date_gmt":"2023-05-29T09:38:04","guid":{"rendered":"https:\/\/www.mfpackaging.it\/contatti\/"},"modified":"2024-10-07T08:26:40","modified_gmt":"2024-10-07T08:26:40","slug":"contactos","status":"publish","type":"page","link":"https:\/\/www.mfpackaging.it\/es\/contactos\/","title":{"rendered":"Contactos"},"content":{"rendered":"\t\t<div data-elementor-type=\"wp-page\" data-elementor-id=\"5890\" class=\"elementor elementor-5890 elementor-189\">\n\t\t\t\t\t\t\t\t\t<section class=\"elementor-section elementor-top-section elementor-element elementor-element-69c9285 elementor-section-boxed elementor-section-height-default elementor-section-height-default\" data-id=\"69c9285\" data-element_type=\"section\">\n\t\t\t\t\t\t<div class=\"elementor-container elementor-column-gap-default\">\n\t\t\t\t\t<div class=\"elementor-column elementor-col-100 elementor-top-column elementor-element elementor-element-6355f2d\" data-id=\"6355f2d\" data-element_type=\"column\">\n\t\t\t<div class=\"elementor-widget-wrap elementor-element-populated\">\n\t\t\t\t\t\t\t\t<div class=\"elementor-element elementor-element-f65626c divider-yes aleft elementor-widget elementor-widget-wgl-double-heading\" data-id=\"f65626c\" data-element_type=\"widget\" data-widget_type=\"wgl-double-heading.default\">\n\t\t\t\t<div class=\"elementor-widget-container\">\n\t\t\t<div class=\"wgl-double-heading\"><div class=\"dblh__subtitle\">Cont\u00e1ctanos<\/div><div class=\"dblh__wrapper\"><h3 class=\"dblh__title-wrapper\"><span class=\"dblh__title dblh__title-1\">Solicitud de Informaci\u00f3n<\/span><\/h3><div class=\"dblh__content\"><p><span><br \/>Rellena el formulario para recibir informaci\u00f3n m\u00e1s detallada sobre nuestras m\u00e1quinas.<br \/><\/span><\/p><\/div><\/div><\/div>\t\t<\/div>\n\t\t\t\t<\/div>\n\t\t\t\t<div class=\"elementor-element elementor-element-5bf3c33 elementor-widget elementor-widget-spacer\" data-id=\"5bf3c33\" data-element_type=\"widget\" data-widget_type=\"spacer.default\">\n\t\t\t\t<div class=\"elementor-widget-container\">\n\t\t\t\t\t<div class=\"elementor-spacer\">\n\t\t\t<div class=\"elementor-spacer-inner\"><\/div>\n\t\t<\/div>\n\t\t\t\t<\/div>\n\t\t\t\t<\/div>\n\t\t\t\t\t<\/div>\n\t\t<\/div>\n\t\t\t\t\t\t\t<\/div>\n\t\t<\/section>\n\t\t\t\t<section class=\"elementor-section elementor-top-section elementor-element elementor-element-cc8f1fc elementor-section-boxed elementor-section-height-default elementor-section-height-default\" data-id=\"cc8f1fc\" data-element_type=\"section\">\n\t\t\t\t\t\t<div class=\"elementor-container elementor-column-gap-default\">\n\t\t\t\t\t<div class=\"elementor-column elementor-col-50 elementor-top-column elementor-element elementor-element-b448af1\" data-id=\"b448af1\" data-element_type=\"column\">\n\t\t\t<div class=\"elementor-widget-wrap elementor-element-populated\">\n\t\t\t\t\t\t\t\t<div class=\"elementor-element elementor-element-ba17381 elementor-widget__width-initial aleft elementor-widget elementor-widget-wgl-info-box\" data-id=\"ba17381\" data-element_type=\"widget\" data-widget_type=\"wgl-info-box.default\">\n\t\t\t\t<div class=\"elementor-widget-container\">\n\t\t\t<div class=\"wgl-infobox\"><div class=\"wgl-infobox_wrapper\"><div class=\"content_wrapper\"><div class=\"wgl-infobox-title_wrapper\"><h3 class=\"wgl-infobox_title\"><span class=\"wgl-infobox_title-idle\">Direcci\u00f3n<\/span><\/h3><\/div><div class=\"wgl-infobox_content\"><p>Via Pirano, 10\/A<br \/>61010 Tavullia (PU)<br \/>ITALY<\/p>\n<\/div><\/div><\/div><\/div>\t\t<\/div>\n\t\t\t\t<\/div>\n\t\t\t\t<div class=\"elementor-element elementor-element-489a567 elementor-widget elementor-widget-spacer\" data-id=\"489a567\" data-element_type=\"widget\" data-widget_type=\"spacer.default\">\n\t\t\t\t<div class=\"elementor-widget-container\">\n\t\t\t\t\t<div class=\"elementor-spacer\">\n\t\t\t<div class=\"elementor-spacer-inner\"><\/div>\n\t\t<\/div>\n\t\t\t\t<\/div>\n\t\t\t\t<\/div>\n\t\t\t\t<div class=\"elementor-element elementor-element-927e81a elementor-widget__width-initial aleft elementor-widget elementor-widget-wgl-info-box\" data-id=\"927e81a\" data-element_type=\"widget\" data-widget_type=\"wgl-info-box.default\">\n\t\t\t\t<div class=\"elementor-widget-container\">\n\t\t\t<div class=\"wgl-infobox\"><div class=\"wgl-infobox_wrapper\"><div class=\"content_wrapper\"><div class=\"wgl-infobox-title_wrapper\"><h3 class=\"wgl-infobox_title\"><span class=\"wgl-infobox_title-idle\">contactos<\/span><\/h3><\/div><div class=\"wgl-infobox_content\"><p><strong>Tel:<\/strong><span>\u00a0<\/span><a href=\"tel:+390721476688\">+39 0721476688<\/a><br \/><strong>Fax:<\/strong><span>\u00a0<\/span><a href=\"tel:+390721476482\">+39 0721476482\u00a0<\/a><span><\/span><br \/><strong>E-mail:<\/strong><span>\u00a0<\/span><a href=\"mailto:sales@m-f.it\">sales@m-f.it<\/a><\/p><\/div><\/div><\/div><\/div>\t\t<\/div>\n\t\t\t\t<\/div>\n\t\t\t\t<div class=\"elementor-element elementor-element-668e3d3 elementor-shape-rounded elementor-widget elementor-widget-wgl-social-icons\" data-id=\"668e3d3\" data-element_type=\"widget\" data-widget_type=\"wgl-social-icons.default\">\n\t\t\t\t<div class=\"elementor-widget-container\">\n\t\t\t<div class=\"wgl-social-icons elementor-social-icons-wrapper\"><a class=\"elementor-icon elementor-social-icon elementor-social-icon-youtube elementor-repeater-item-ff4646d\" href=\"https:\/\/www.youtube.com\/channel\/UCo_McrIxXhndt1vnmSFw6oA\" target=\"_blank\" title=\"Youtube\"><span class=\"elementor-screen-only\">Youtube<\/span><i class=\"fab fa-youtube\"><\/i><\/a><a class=\"elementor-icon elementor-social-icon elementor-social-icon-linkedin-in elementor-repeater-item-a8f40d1\" href=\"https:\/\/www.linkedin.com\/company\/mf-packaging-s-r-l-\/\" target=\"_blank\" title=\"LinkedIn\"><span class=\"elementor-screen-only\">Linkedin-in<\/span><i class=\"fab fa-linkedin-in\"><\/i><\/a><a class=\"elementor-icon elementor-social-icon elementor-social-icon-facebook elementor-repeater-item-d3136eb\" href=\"https:\/\/www.facebook.com\/mfpackagingsrl?locale=it_IT\" target=\"_blank\" title=\"Facebook\"><span class=\"elementor-screen-only\">Facebook<\/span><i class=\"fab fa-facebook\"><\/i><\/a><a class=\"elementor-icon elementor-social-icon elementor-social-icon-instagram elementor-repeater-item-8a671c3\" href=\"https:\/\/www.instagram.com\/mf_packaging_srl\/\" target=\"_blank\" title=\"Instagram\"><span class=\"elementor-screen-only\">Instagram<\/span><i class=\"fab fa-instagram\"><\/i><\/a><\/div>\t\t<\/div>\n\t\t\t\t<\/div>\n\t\t\t\t\t<\/div>\n\t\t<\/div>\n\t\t\t\t<div class=\"elementor-column elementor-col-50 elementor-top-column elementor-element elementor-element-f85c36c\" data-id=\"f85c36c\" data-element_type=\"column\">\n\t\t\t<div class=\"elementor-widget-wrap elementor-element-populated\">\n\t\t\t\t\t\t\t\t<div class=\"elementor-element elementor-element-459751f aleft elementor-widget elementor-widget-wgl-contact-form-7\" data-id=\"459751f\" data-element_type=\"widget\" data-widget_type=\"wgl-contact-form-7.default\">\n\t\t\t\t<div class=\"elementor-widget-container\">\n\t\t\t<div class=\"wgl-contact-form-7\">\n<div class=\"wpcf7 no-js\" id=\"wpcf7-f6122-o1\" lang=\"en-US\" dir=\"ltr\">\n<div class=\"screen-reader-response\"><p role=\"status\" aria-live=\"polite\" aria-atomic=\"true\"><\/p> <ul><\/ul><\/div>\n<form action=\"\/es\/wp-json\/wp\/v2\/pages\/5890#wpcf7-f6122-o1\" method=\"post\" class=\"wpcf7-form init\" aria-label=\"Formulario de contacto\" novalidate=\"novalidate\" data-status=\"init\">\n<div style=\"display: none;\">\n<input type=\"hidden\" name=\"_wpcf7\" value=\"6122\" \/>\n<input type=\"hidden\" name=\"_wpcf7_version\" value=\"5.8.1\" \/>\n<input type=\"hidden\" name=\"_wpcf7_locale\" value=\"en_US\" \/>\n<input type=\"hidden\" name=\"_wpcf7_unit_tag\" value=\"wpcf7-f6122-o1\" \/>\n<input type=\"hidden\" name=\"_wpcf7_container_post\" value=\"0\" \/>\n<input type=\"hidden\" name=\"_wpcf7_posted_data_hash\" value=\"\" \/>\n<input type=\"hidden\" name=\"_wpcf7_recaptcha_response\" value=\"\" \/>\n<\/div>\n<div class='row'>\n<div class='wgl_col-6'>\n<span class=\"wpcf7-form-control-wrap\" data-name=\"nome-cognome\"><input size=\"40\" class=\"wpcf7-form-control wpcf7-text wpcf7-validates-as-required\" aria-required=\"true\" aria-invalid=\"false\" placeholder=\"Nombres y Apellido\" value=\"\" type=\"text\" name=\"nome-cognome\" \/><\/span>\n<\/div>\n<div class='wgl_col-6'>\n<span class=\"wpcf7-form-control-wrap\" data-name=\"azienda\"><input size=\"40\" class=\"wpcf7-form-control wpcf7-text wpcf7-validates-as-required\" aria-required=\"true\" aria-invalid=\"false\" placeholder=\"Empresa\" value=\"\" type=\"text\" name=\"azienda\" \/><\/span>\n<\/div>\n<div class='wgl_col-6'>\n<span class=\"wpcf7-form-control-wrap\" data-name=\"localita\"><input size=\"40\" class=\"wpcf7-form-control wpcf7-text wpcf7-validates-as-required\" aria-required=\"true\" aria-invalid=\"false\" placeholder=\"Ciudad\" value=\"\" type=\"text\" name=\"localita\" \/><\/span>\n<\/div>\n<div class='wgl_col-6'>\n<span class=\"wpcf7-form-control-wrap\" data-name=\"telefono\"><input size=\"40\" class=\"wpcf7-form-control wpcf7-tel wpcf7-validates-as-required wpcf7-text wpcf7-validates-as-tel\" aria-required=\"true\" aria-invalid=\"false\" placeholder=\"Telefono\" value=\"\" type=\"tel\" name=\"telefono\" \/><\/span>\n<\/div>\n<div class='wgl_col-12'>\n<span class=\"wpcf7-form-control-wrap\" data-name=\"email\"><input size=\"40\" class=\"wpcf7-form-control wpcf7-email wpcf7-validates-as-required wpcf7-text wpcf7-validates-as-email\" aria-required=\"true\" aria-invalid=\"false\" placeholder=\"Email\" value=\"\" type=\"email\" name=\"email\" \/><\/span>\n<\/div>\n<div class='wgl_col-12'>\n<span class=\"wpcf7-form-control-wrap\" data-name=\"messaggio\"><textarea cols=\"40\" rows=\"10\" class=\"wpcf7-form-control wpcf7-textarea\" aria-invalid=\"false\" placeholder=\"Mensaje\" name=\"messaggio\"><\/textarea><\/span>\n<div class=\"privacy-block\">\n<strong>Condiciones y t\u00e9rminos de uso del servicio<\/strong><br>\n<a data-extera-gdpr=\"GDPR-trattamento\">Tratamiento de datos personales conforme al Decreto Legislativo n. 196\/03 y GDPR 679\/2016 y la normativa aplicable<\/a>\n<br>\nCon el previo consentimiento del Usuario, MF Packaging S.R.L. proporcionar\u00e1, de manera gratuita y a solicitud expresa del Usuario, una serie de informaciones (por correo electr\u00f3nico) relacionadas con el tema indicado por el Usuario.<br>\n<div class='check'><span class=\"wpcf7-form-control-wrap\" data-name=\"privacy_policy_a\"><span class=\"wpcf7-form-control wpcf7-acceptance\"><span class=\"wpcf7-list-item\"><input type=\"checkbox\" name=\"privacy_policy_a\" value=\"1\" aria-invalid=\"false\" \/><\/span><\/span><\/span> Acepto <\/div><br> \n<\/div>\n<\/div>\n<br>\n<div class='wgl_col-12'>\n<div class=\"wgl-button-cf7\">\n<input class=\"wpcf7-form-control wpcf7-submit has-spinner\" type=\"submit\" value=\"Enviar\" \/>\n<i class=\"flaticon flaticon-right\"><\/i>\n<\/div>\n<\/div>\n<\/div><div class=\"wpcf7-response-output\" aria-hidden=\"true\"><\/div>\n<\/form>\n<\/div>\n<\/div>\t\t<\/div>\n\t\t\t\t<\/div>\n\t\t\t\t\t<\/div>\n\t\t<\/div>\n\t\t\t\t\t\t\t<\/div>\n\t\t<\/section>\n\t\t\t\t<section class=\"elementor-section elementor-top-section elementor-element elementor-element-3fa6428 elementor-section-boxed elementor-section-height-default elementor-section-height-default\" data-id=\"3fa6428\" data-element_type=\"section\">\n\t\t\t\t\t\t<div class=\"elementor-container elementor-column-gap-default\">\n\t\t\t\t\t<div class=\"elementor-column elementor-col-100 elementor-top-column elementor-element elementor-element-e3b41d7\" data-id=\"e3b41d7\" data-element_type=\"column\">\n\t\t\t<div class=\"elementor-widget-wrap elementor-element-populated\">\n\t\t\t\t\t\t\t\t<div class=\"elementor-element elementor-element-4ad1482 elementor-widget elementor-widget-spacer\" data-id=\"4ad1482\" data-element_type=\"widget\" data-widget_type=\"spacer.default\">\n\t\t\t\t<div class=\"elementor-widget-container\">\n\t\t\t\t\t<div class=\"elementor-spacer\">\n\t\t\t<div class=\"elementor-spacer-inner\"><\/div>\n\t\t<\/div>\n\t\t\t\t<\/div>\n\t\t\t\t<\/div>\n\t\t\t\t<div class=\"elementor-element elementor-element-3d6263f elementor-widget elementor-widget-google_maps\" data-id=\"3d6263f\" data-element_type=\"widget\" data-widget_type=\"google_maps.default\">\n\t\t\t\t<div class=\"elementor-widget-container\">\n\t\t\t\t\t<div class=\"elementor-custom-embed\">\n\t\t\t<iframe loading=\"lazy\"\n\t\t\t\t\tsrc=\"https:\/\/maps.google.com\/maps?q=Via%20Pirano%2C%2010%2FA%2061010%20Tavullia%20%28PU%29&#038;t=m&#038;z=13&#038;output=embed&#038;iwloc=near\"\n\t\t\t\t\ttitle=\"Via Pirano, 10\/A 61010 Tavullia (PU)\"\n\t\t\t\t\taria-label=\"Via Pirano, 10\/A 61010 Tavullia (PU)\"\n\t\t\t><\/iframe>\n\t\t<\/div>\n\t\t\t\t<\/div>\n\t\t\t\t<\/div>\n\t\t\t\t<div class=\"elementor-element elementor-element-f48cc72 elementor-widget elementor-widget-spacer\" data-id=\"f48cc72\" data-element_type=\"widget\" data-widget_type=\"spacer.default\">\n\t\t\t\t<div class=\"elementor-widget-container\">\n\t\t\t\t\t<div class=\"elementor-spacer\">\n\t\t\t<div class=\"elementor-spacer-inner\"><\/div>\n\t\t<\/div>\n\t\t\t\t<\/div>\n\t\t\t\t<\/div>\n\t\t\t\t\t<\/div>\n\t\t<\/div>\n\t\t\t\t\t\t\t<\/div>\n\t\t<\/section>\n\t\t\t\t\t\t\t<\/div>\n\t\t","protected":false},"excerpt":{"rendered":"<p>Cont\u00e1ctanos Solicitud de Informaci\u00f3n Rellena el formulario para recibir informaci\u00f3n m\u00e1s detallada sobre nuestras m\u00e1quinas. Direcci\u00f3n Via Pirano, 10\/A61010 Tavullia (PU)ITALY contactos Tel:\u00a0+39 0721476688Fax:\u00a0+39 0721476482\u00a0E-mail:\u00a0sales@m-f.it YoutubeLinkedin-inFacebookInstagram Condizioni e termini di utilizzo del servizio Trattamento dati personali ai sensi del D.L. n.196\/03 e GDPR 679\/2016 e della normativa applicabile Previo consenso MF Packaging S.R.L. provveder\u00e0 gratuitamente [&hellip;]<\/p>\n","protected":false},"author":1,"featured_media":0,"parent":0,"menu_order":0,"comment_status":"closed","ping_status":"closed","template":"","meta":{"footnotes":""},"yoast_head":"<!-- This site is optimized with the Yoast SEO plugin v22.0 - https:\/\/yoast.com\/wordpress\/plugins\/seo\/ -->\n<title>Contactos - MF Packaging Machines<\/title>\n<meta name=\"robots\" content=\"index, follow, max-snippet:-1, max-image-preview:large, max-video-preview:-1\" \/>\n<link rel=\"canonical\" href=\"https:\/\/www.mfpackaging.it\/contatti\/\" \/>\n<meta property=\"og:locale\" content=\"es_ES\" \/>\n<meta property=\"og:type\" content=\"article\" \/>\n<meta property=\"og:title\" content=\"Contactos - MF Packaging Machines\" \/>\n<meta property=\"og:description\" content=\"Cont\u00e1ctanos Solicitud de Informaci\u00f3n Rellena el formulario para recibir informaci\u00f3n m\u00e1s detallada sobre nuestras m\u00e1quinas. Direcci\u00f3n Via Pirano, 10\/A61010 Tavullia (PU)ITALY contactos Tel:\u00a0+39 0721476688Fax:\u00a0+39 0721476482\u00a0E-mail:\u00a0sales@m-f.it YoutubeLinkedin-inFacebookInstagram Condizioni e termini di utilizzo del servizio Trattamento dati personali ai sensi del D.L. n.196\/03 e GDPR 679\/2016 e della normativa applicabile Previo consenso MF Packaging S.R.L. provveder\u00e0 gratuitamente [&hellip;]\" \/>\n<meta property=\"og:url\" content=\"https:\/\/www.mfpackaging.it\/contatti\/\" \/>\n<meta property=\"og:site_name\" content=\"MF Packaging Machines\" \/>\n<meta property=\"article:modified_time\" content=\"2024-10-07T08:26:40+00:00\" \/>\n<meta name=\"twitter:card\" content=\"summary_large_image\" \/>\n<meta name=\"twitter:label1\" content=\"Tiempo de lectura\" \/>\n\t<meta name=\"twitter:data1\" content=\"1 minuto\" \/>\n<script type=\"application\/ld+json\" class=\"yoast-schema-graph\">{\"@context\":\"https:\/\/schema.org\",\"@graph\":[{\"@type\":\"WebPage\",\"@id\":\"https:\/\/www.mfpackaging.it\/contatti\/\",\"url\":\"https:\/\/www.mfpackaging.it\/contatti\/\",\"name\":\"Contactos - MF Packaging Machines\",\"isPartOf\":{\"@id\":\"https:\/\/www.mfpackaging.it\/#website\"},\"datePublished\":\"2023-05-29T09:38:04+00:00\",\"dateModified\":\"2024-10-07T08:26:40+00:00\",\"breadcrumb\":{\"@id\":\"https:\/\/www.mfpackaging.it\/contatti\/#breadcrumb\"},\"inLanguage\":\"es\",\"potentialAction\":[{\"@type\":\"ReadAction\",\"target\":[\"https:\/\/www.mfpackaging.it\/contatti\/\"]}]},{\"@type\":\"BreadcrumbList\",\"@id\":\"https:\/\/www.mfpackaging.it\/contatti\/#breadcrumb\",\"itemListElement\":[{\"@type\":\"ListItem\",\"position\":1,\"name\":\"Home\",\"item\":\"https:\/\/www.mfpackaging.it\/es\/\"},{\"@type\":\"ListItem\",\"position\":2,\"name\":\"Contactos\"}]},{\"@type\":\"WebSite\",\"@id\":\"https:\/\/www.mfpackaging.it\/#website\",\"url\":\"https:\/\/www.mfpackaging.it\/\",\"name\":\"MF Packaging Machine\",\"description\":\"Let&#039;s pack your business\",\"potentialAction\":[{\"@type\":\"SearchAction\",\"target\":{\"@type\":\"EntryPoint\",\"urlTemplate\":\"https:\/\/www.mfpackaging.it\/?s={search_term_string}\"},\"query-input\":\"required name=search_term_string\"}],\"inLanguage\":\"es\"}]}<\/script>\n<!-- \/ Yoast SEO plugin. -->","yoast_head_json":{"title":"Contactos - MF Packaging Machines","robots":{"index":"index","follow":"follow","max-snippet":"max-snippet:-1","max-image-preview":"max-image-preview:large","max-video-preview":"max-video-preview:-1"},"canonical":"https:\/\/www.mfpackaging.it\/contatti\/","og_locale":"es_ES","og_type":"article","og_title":"Contactos - MF Packaging Machines","og_description":"Cont\u00e1ctanos Solicitud de Informaci\u00f3n Rellena el formulario para recibir informaci\u00f3n m\u00e1s detallada sobre nuestras m\u00e1quinas. Direcci\u00f3n Via Pirano, 10\/A61010 Tavullia (PU)ITALY contactos Tel:\u00a0+39 0721476688Fax:\u00a0+39 0721476482\u00a0E-mail:\u00a0sales@m-f.it YoutubeLinkedin-inFacebookInstagram Condizioni e termini di utilizzo del servizio Trattamento dati personali ai sensi del D.L. n.196\/03 e GDPR 679\/2016 e della normativa applicabile Previo consenso MF Packaging S.R.L. provveder\u00e0 gratuitamente [&hellip;]","og_url":"https:\/\/www.mfpackaging.it\/contatti\/","og_site_name":"MF Packaging Machines","article_modified_time":"2024-10-07T08:26:40+00:00","twitter_card":"summary_large_image","twitter_misc":{"Tiempo de lectura":"1 minuto"},"schema":{"@context":"https:\/\/schema.org","@graph":[{"@type":"WebPage","@id":"https:\/\/www.mfpackaging.it\/contatti\/","url":"https:\/\/www.mfpackaging.it\/contatti\/","name":"Contactos - MF Packaging Machines","isPartOf":{"@id":"https:\/\/www.mfpackaging.it\/#website"},"datePublished":"2023-05-29T09:38:04+00:00","dateModified":"2024-10-07T08:26:40+00:00","breadcrumb":{"@id":"https:\/\/www.mfpackaging.it\/contatti\/#breadcrumb"},"inLanguage":"es","potentialAction":[{"@type":"ReadAction","target":["https:\/\/www.mfpackaging.it\/contatti\/"]}]},{"@type":"BreadcrumbList","@id":"https:\/\/www.mfpackaging.it\/contatti\/#breadcrumb","itemListElement":[{"@type":"ListItem","position":1,"name":"Home","item":"https:\/\/www.mfpackaging.it\/es\/"},{"@type":"ListItem","position":2,"name":"Contactos"}]},{"@type":"WebSite","@id":"https:\/\/www.mfpackaging.it\/#website","url":"https:\/\/www.mfpackaging.it\/","name":"MF Packaging Machine","description":"Let&#039;s pack your business","potentialAction":[{"@type":"SearchAction","target":{"@type":"EntryPoint","urlTemplate":"https:\/\/www.mfpackaging.it\/?s={search_term_string}"},"query-input":"required name=search_term_string"}],"inLanguage":"es"}]}},"featured_image_src":null,"featured_image_src_square":null,"_links":{"self":[{"href":"https:\/\/www.mfpackaging.it\/es\/wp-json\/wp\/v2\/pages\/5890"}],"collection":[{"href":"https:\/\/www.mfpackaging.it\/es\/wp-json\/wp\/v2\/pages"}],"about":[{"href":"https:\/\/www.mfpackaging.it\/es\/wp-json\/wp\/v2\/types\/page"}],"author":[{"embeddable":true,"href":"https:\/\/www.mfpackaging.it\/es\/wp-json\/wp\/v2\/users\/1"}],"replies":[{"embeddable":true,"href":"https:\/\/www.mfpackaging.it\/es\/wp-json\/wp\/v2\/comments?post=5890"}],"version-history":[{"count":0,"href":"https:\/\/www.mfpackaging.it\/es\/wp-json\/wp\/v2\/pages\/5890\/revisions"}],"wp:attachment":[{"href":"https:\/\/www.mfpackaging.it\/es\/wp-json\/wp\/v2\/media?parent=5890"}],"curies":[{"name":"wp","href":"https:\/\/api.w.org\/{rel}","templated":true}]}}