{"id":5893,"date":"2023-12-04T11:13:44","date_gmt":"2023-12-04T11:13:44","guid":{"rendered":"https:\/\/www.mfpackaging.it\/documentazione\/"},"modified":"2024-09-16T08:37:52","modified_gmt":"2024-09-16T08:37:52","slug":"documentacion","status":"publish","type":"page","link":"https:\/\/www.mfpackaging.it\/es\/documentacion\/","title":{"rendered":"Documentaci\u00f3n"},"content":{"rendered":"\t\t<div data-elementor-type=\"wp-page\" data-elementor-id=\"5893\" class=\"elementor elementor-5893 elementor-4568\">\n\t\t\t\t\t\t\t<div class=\"elementor-element elementor-element-2c1c10f3 e-con-full e-flex e-con e-parent\" data-id=\"2c1c10f3\" data-element_type=\"container\" data-settings=\"{&quot;content_width&quot;:&quot;full&quot;,&quot;background_background&quot;:&quot;classic&quot;}\" data-core-v316-plus=\"true\">\n\t\t\t\t<div class=\"elementor-element elementor-element-1f9000c0 elementor-widget elementor-widget-heading\" data-id=\"1f9000c0\" data-element_type=\"widget\" data-widget_type=\"heading.default\">\n\t\t\t\t<div class=\"elementor-widget-container\">\n\t\t\t<h2 class=\"elementor-heading-title elementor-size-default\">Documentaci\u00f3n<br>\nEnvasadoras MF Packaging<\/h2>\t\t<\/div>\n\t\t\t\t<\/div>\n\t\t\t\t<div class=\"elementor-element elementor-element-b292c0a elementor-widget elementor-widget-spacer\" data-id=\"b292c0a\" data-element_type=\"widget\" data-widget_type=\"spacer.default\">\n\t\t\t\t<div class=\"elementor-widget-container\">\n\t\t\t\t\t<div class=\"elementor-spacer\">\n\t\t\t<div class=\"elementor-spacer-inner\"><\/div>\n\t\t<\/div>\n\t\t\t\t<\/div>\n\t\t\t\t<\/div>\n\t\t\t\t<\/div>\n\t\t\t\t<section class=\"elementor-section elementor-top-section elementor-element elementor-element-6e30575 elementor-section-boxed elementor-section-height-default elementor-section-height-default\" data-id=\"6e30575\" data-element_type=\"section\">\n\t\t\t\t\t\t<div class=\"elementor-container elementor-column-gap-default\">\n\t\t\t\t\t<div class=\"elementor-column elementor-col-100 elementor-top-column elementor-element elementor-element-06c51d1 sticky-sidebar\" data-id=\"06c51d1\" data-element_type=\"column\">\n\t\t\t<div class=\"elementor-widget-wrap elementor-element-populated\">\n\t\t\t\t\t\t\t\t<div class=\"elementor-element elementor-element-2428dc3 aleft elementor-widget elementor-widget-wgl-double-heading\" data-id=\"2428dc3\" data-element_type=\"widget\" data-widget_type=\"wgl-double-heading.default\">\n\t\t\t\t<div class=\"elementor-widget-container\">\n\t\t\t<div class=\"wgl-double-heading\"><div class=\"dblh__wrapper\"><h3 class=\"dblh__title-wrapper\"><span class=\"dblh__title dblh__title-1\">MF PACKAGING somete cada m\u00e1quina a una <\/span><span class=\"dblh__title dblh__title-2\">rigurosa prueba <\/span><span class=\"dblh__title dblh__title-3\">con controles exhaustivos en todos los grupos de la envasadora:\n<\/span><\/h3><\/div><\/div>\t\t<\/div>\n\t\t\t\t<\/div>\n\t\t\t\t\t<\/div>\n\t\t<\/div>\n\t\t\t\t\t\t\t<\/div>\n\t\t<\/section>\n\t\t\t\t<section class=\"elementor-section elementor-top-section elementor-element elementor-element-4b5011c0 elementor-section-boxed elementor-section-height-default elementor-section-height-default\" data-id=\"4b5011c0\" data-element_type=\"section\">\n\t\t\t\t\t\t<div class=\"elementor-container elementor-column-gap-default\">\n\t\t\t\t\t<div class=\"elementor-column elementor-col-100 elementor-top-column elementor-element elementor-element-11586b4\" data-id=\"11586b4\" data-element_type=\"column\">\n\t\t\t<div class=\"elementor-widget-wrap elementor-element-populated\">\n\t\t\t\t\t\t\t\t<div class=\"elementor-element elementor-element-175173b elementor-widget elementor-widget-spacer\" data-id=\"175173b\" data-element_type=\"widget\" data-widget_type=\"spacer.default\">\n\t\t\t\t<div class=\"elementor-widget-container\">\n\t\t\t\t\t<div class=\"elementor-spacer\">\n\t\t\t<div class=\"elementor-spacer-inner\"><\/div>\n\t\t<\/div>\n\t\t\t\t<\/div>\n\t\t\t\t<\/div>\n\t\t\t\t<div class=\"elementor-element elementor-element-3eb2860c elementor-widget elementor-widget-spacer\" data-id=\"3eb2860c\" data-element_type=\"widget\" data-widget_type=\"spacer.default\">\n\t\t\t\t<div class=\"elementor-widget-container\">\n\t\t\t\t\t<div class=\"elementor-spacer\">\n\t\t\t<div class=\"elementor-spacer-inner\"><\/div>\n\t\t<\/div>\n\t\t\t\t<\/div>\n\t\t\t\t<\/div>\n\t\t\t\t<div class=\"elementor-element elementor-element-18ee0d20 elementor-widget elementor-widget-wgl-tabs\" data-id=\"18ee0d20\" data-element_type=\"widget\" data-widget_type=\"wgl-tabs.default\">\n\t\t\t\t<div class=\"elementor-widget-container\">\n\t\t\t        <div class=\"wgl-tabs wgl-tabs_swiper-wrapper tabs_align-justify   icon_position-top     \">\n            <div class=\"wgl-tabs_headings-wrap\">\n                <div class=\"wgl-tabs_headings swiper-wrapper\">                    <div data-tab-id=\"wgl-tab_4181\" class=\"wgl-tabs_header swiper-slide\">\n                    <span class=\"wgl-tabs_title\">Cuadro el\u00e9ctrico<\/span>\n\n                    <span class=\"wgl-tabs_icon\"><i aria-hidden=\"true\" class=\"fas fa-bolt\"><\/i><\/span>\n                <\/div>\n\n                                    <div data-tab-id=\"wgl-tab_4182\" class=\"wgl-tabs_header swiper-slide\">\n                    <span class=\"wgl-tabs_title\">Software<\/span>\n\n                    <span class=\"wgl-tabs_icon\"><i aria-hidden=\"true\" class=\"fas fa-desktop\"><\/i><\/span>\n                <\/div>\n\n                                    <div data-tab-id=\"wgl-tab_4183\" class=\"wgl-tabs_header swiper-slide\">\n                    <span class=\"wgl-tabs_title\">Componentes mec\u00e1nicos<\/span>\n\n                    <span class=\"wgl-tabs_icon\"><i aria-hidden=\"true\" class=\"fas fa-cogs\"><\/i><\/span>\n                <\/div>\n\n                            <\/div>\n        <\/div>\n\n        <div class=\"wgl-tabs_content-wrap\">                <div data-tab-id=\"wgl-tab_4181\" class=\"wgl-tabs_content\">\n                                    <\/div>\n\n                            <div data-tab-id=\"wgl-tab_4182\" class=\"wgl-tabs_content\">\n                                    <\/div>\n\n                            <div data-tab-id=\"wgl-tab_4183\" class=\"wgl-tabs_content\">\n                                    <\/div>\n\n                    <\/div>\n        <\/div><!-- .wgl-tabs -->\n        \t\t<\/div>\n\t\t\t\t<\/div>\n\t\t\t\t\t<\/div>\n\t\t<\/div>\n\t\t\t\t\t\t\t<\/div>\n\t\t<\/section>\n\t\t\t\t<section class=\"elementor-section elementor-top-section elementor-element elementor-element-6cc95e87 elementor-section-boxed elementor-section-height-default elementor-section-height-default\" data-id=\"6cc95e87\" data-element_type=\"section\">\n\t\t\t\t\t\t<div class=\"elementor-container elementor-column-gap-default\">\n\t\t\t\t\t<div class=\"elementor-column elementor-col-100 elementor-top-column elementor-element elementor-element-16ff4f6\" data-id=\"16ff4f6\" data-element_type=\"column\">\n\t\t\t<div class=\"elementor-widget-wrap elementor-element-populated\">\n\t\t\t\t\t\t\t\t<div class=\"elementor-element elementor-element-115133f elementor-widget elementor-widget-spacer\" data-id=\"115133f\" data-element_type=\"widget\" data-widget_type=\"spacer.default\">\n\t\t\t\t<div class=\"elementor-widget-container\">\n\t\t\t\t\t<div class=\"elementor-spacer\">\n\t\t\t<div class=\"elementor-spacer-inner\"><\/div>\n\t\t<\/div>\n\t\t\t\t<\/div>\n\t\t\t\t<\/div>\n\t\t\t\t<div class=\"elementor-element elementor-element-36f9708e elementor-widget elementor-widget-text-editor\" data-id=\"36f9708e\" data-element_type=\"widget\" data-widget_type=\"text-editor.default\">\n\t\t\t\t<div class=\"elementor-widget-container\">\n\t\t\t\t\t\t\t<p class=\"p2\">Mediante el uso de herramientas espec\u00edficas, se verifican las tolerancias de dosificaci\u00f3n y la integridad de los sellados incluso en las peores condiciones.<br \/>Adem\u00e1s, realizamos una prueba funcional de la m\u00e1quina a trav\u00e9s de protocolos de an\u00e1lisis y validaci\u00f3n elaborados seg\u00fan las directrices GAMP.<\/p>\t\t\t\t\t\t<\/div>\n\t\t\t\t<\/div>\n\t\t\t\t<div class=\"elementor-element elementor-element-1e4678ff elementor-widget elementor-widget-spacer\" data-id=\"1e4678ff\" data-element_type=\"widget\" data-widget_type=\"spacer.default\">\n\t\t\t\t<div class=\"elementor-widget-container\">\n\t\t\t\t\t<div class=\"elementor-spacer\">\n\t\t\t<div class=\"elementor-spacer-inner\"><\/div>\n\t\t<\/div>\n\t\t\t\t<\/div>\n\t\t\t\t<\/div>\n\t\t\t\t\t<\/div>\n\t\t<\/div>\n\t\t\t\t\t\t\t<\/div>\n\t\t<\/section>\n\t\t\t\t<section class=\"elementor-section elementor-top-section elementor-element elementor-element-4041fe89 elementor-section-boxed elementor-section-height-default elementor-section-height-default\" data-id=\"4041fe89\" data-element_type=\"section\">\n\t\t\t\t\t\t<div class=\"elementor-container elementor-column-gap-default\">\n\t\t\t\t\t<div class=\"elementor-column elementor-col-50 elementor-top-column elementor-element elementor-element-20855148\" data-id=\"20855148\" data-element_type=\"column\">\n\t\t\t<div class=\"elementor-widget-wrap elementor-element-populated\">\n\t\t\t\t\t\t\t\t<div class=\"elementor-element elementor-element-e858983 aleft elementor-widget elementor-widget-wgl-double-heading\" data-id=\"e858983\" data-element_type=\"widget\" data-widget_type=\"wgl-double-heading.default\">\n\t\t\t\t<div class=\"elementor-widget-container\">\n\t\t\t<div class=\"wgl-double-heading\"><div class=\"dblh__wrapper\"><h3 class=\"dblh__title-wrapper\"><span class=\"dblh__title dblh__title-1\">Todas las m\u00e1quinas envasadoras est\u00e1n equipadas con:\n<\/span><\/h3><\/div><\/div>\t\t<\/div>\n\t\t\t\t<\/div>\n\t\t\t\t\t<\/div>\n\t\t<\/div>\n\t\t\t\t<div class=\"elementor-column elementor-col-50 elementor-top-column elementor-element elementor-element-7d917380\" data-id=\"7d917380\" data-element_type=\"column\">\n\t\t\t<div class=\"elementor-widget-wrap elementor-element-populated\">\n\t\t\t\t\t\t\t\t<div class=\"elementor-element elementor-element-25ee41a1 elementor-widget elementor-widget-text-editor\" data-id=\"25ee41a1\" data-element_type=\"widget\" data-widget_type=\"text-editor.default\">\n\t\t\t\t<div class=\"elementor-widget-container\">\n\t\t\t\t\t\t\t<ul class=\"itconf_dot list_primary_color\">\n \t<li class=\"li2\"><span class=\"s1\">manual de uso y mantenimiento dedicado, con indicaciones de los ajustes de las envasadoras<\/span><\/li>\n \t<li class=\"li2\"><span class=\"s1\">lista de componentes comerciales<\/span><\/li>\n \t<li class=\"li2\"><span class=\"s1\">lista de repuestos con vistas explosionadas<\/span><\/li>\n \t<li class=\"li2\"><span class=\"s1\">esquemas el\u00e9ctricos y neum\u00e1ticos<\/span><\/li>\n \t<li class=\"li2\"><span class=\"s1\">manual de lista de alarmas<\/span><\/li>\n \t<li class=\"li2\"><span class=\"s1\">esquema de dimensiones, plano y esquema de sobres<\/span><\/li>\n \t<li class=\"li2\"><span class=\"s1\">certificados de los materiales utilizados<\/span><\/li>\n \t<li class=\"li2\"><span class=\"s1\">certificados de prueba<\/span><\/li>\n \t<li class=\"li2\"><span class=\"s1\">certificaciones CE<\/span><\/li>\n<\/ul>\t\t\t\t\t\t<\/div>\n\t\t\t\t<\/div>\n\t\t\t\t\t<\/div>\n\t\t<\/div>\n\t\t\t\t\t\t\t<\/div>\n\t\t<\/section>\n\t\t<div class=\"elementor-element elementor-element-42794a5 e-flex e-con-boxed e-con e-parent\" data-id=\"42794a5\" data-element_type=\"container\" data-settings=\"{&quot;content_width&quot;:&quot;boxed&quot;}\" data-core-v316-plus=\"true\">\n\t\t\t\t\t<div class=\"e-con-inner\">\n\t\t\t\t<div class=\"elementor-element elementor-element-a645f0d aleft elementor-widget elementor-widget-wgl-info-box\" data-id=\"a645f0d\" data-element_type=\"widget\" data-widget_type=\"wgl-info-box.default\">\n\t\t\t\t<div class=\"elementor-widget-container\">\n\t\t\t<div class=\"wgl-infobox\"><div class=\"wgl-infobox_wrapper\"><div class=\"content_wrapper\"><div class=\"wgl-infobox-title_wrapper\"><div class=\"wgl-infobox_title\"><span class=\"wgl-infobox_title-idle\">Sector farmac\u00e9utico<\/span><\/div><\/div><div class=\"wgl-infobox_content\"><p>Las m\u00e1quinas envasadoras para el sector farmac\u00e9utico est\u00e1n equipadas con protocolos de validaci\u00f3n (FAT, SAT, IQ, OQ y PQ), certificaci\u00f3n FDA y validaci\u00f3n de software CFR21 part.11.<\/p><\/div><\/div><div class=\"wgl-infobox-button_wrapper\"><a  class=\"wgl-infobox_button button-read-more no_text\"><\/a><\/div><\/div><\/div>\t\t<\/div>\n\t\t\t\t<\/div>\n\t\t\t\t\t<\/div>\n\t\t\t\t<\/div>\n\t\t\t\t\t\t\t<\/div>\n\t\t","protected":false},"excerpt":{"rendered":"<p>Documentaci\u00f3n Envasadoras MF Packaging MF PACKAGING somete cada m\u00e1quina a una rigurosa prueba con controles exhaustivos en todos los grupos de la envasadora: Cuadro el\u00e9ctrico Software Componentes mec\u00e1nicos Mediante el uso de herramientas espec\u00edficas, se verifican las tolerancias de dosificaci\u00f3n y la integridad de los sellados incluso en las peores condiciones.Adem\u00e1s, realizamos una prueba funcional [&hellip;]<\/p>\n","protected":false},"author":1,"featured_media":0,"parent":0,"menu_order":0,"comment_status":"closed","ping_status":"closed","template":"","meta":{"footnotes":""},"yoast_head":"<!-- This site is optimized with the Yoast SEO plugin v22.0 - https:\/\/yoast.com\/wordpress\/plugins\/seo\/ -->\n<title>Documentaci\u00f3n - MF Packaging Machines<\/title>\n<meta name=\"robots\" content=\"index, follow, max-snippet:-1, max-image-preview:large, max-video-preview:-1\" \/>\n<link rel=\"canonical\" href=\"https:\/\/www.mfpackaging.it\/es\/documentacion\/\" \/>\n<meta property=\"og:locale\" content=\"es_ES\" \/>\n<meta property=\"og:type\" content=\"article\" \/>\n<meta property=\"og:title\" content=\"Documentaci\u00f3n - MF Packaging Machines\" \/>\n<meta property=\"og:description\" content=\"Documentaci\u00f3n Envasadoras MF Packaging MF PACKAGING somete cada m\u00e1quina a una rigurosa prueba con controles exhaustivos en todos los grupos de la envasadora: Cuadro el\u00e9ctrico Software Componentes mec\u00e1nicos Mediante el uso de herramientas espec\u00edficas, se verifican las tolerancias de dosificaci\u00f3n y la integridad de los sellados incluso en las peores condiciones.Adem\u00e1s, realizamos una prueba funcional [&hellip;]\" \/>\n<meta property=\"og:url\" content=\"https:\/\/www.mfpackaging.it\/es\/documentacion\/\" \/>\n<meta property=\"og:site_name\" content=\"MF Packaging Machines\" \/>\n<meta property=\"article:modified_time\" content=\"2024-09-16T08:37:52+00:00\" \/>\n<meta name=\"twitter:card\" content=\"summary_large_image\" \/>\n<meta name=\"twitter:label1\" content=\"Tiempo de lectura\" \/>\n\t<meta name=\"twitter:data1\" content=\"1 minuto\" \/>\n<script type=\"application\/ld+json\" class=\"yoast-schema-graph\">{\"@context\":\"https:\/\/schema.org\",\"@graph\":[{\"@type\":\"WebPage\",\"@id\":\"https:\/\/www.mfpackaging.it\/es\/documentacion\/\",\"url\":\"https:\/\/www.mfpackaging.it\/es\/documentacion\/\",\"name\":\"Documentaci\u00f3n - MF Packaging Machines\",\"isPartOf\":{\"@id\":\"https:\/\/www.mfpackaging.it\/#website\"},\"datePublished\":\"2023-12-04T11:13:44+00:00\",\"dateModified\":\"2024-09-16T08:37:52+00:00\",\"breadcrumb\":{\"@id\":\"https:\/\/www.mfpackaging.it\/es\/documentacion\/#breadcrumb\"},\"inLanguage\":\"es\",\"potentialAction\":[{\"@type\":\"ReadAction\",\"target\":[\"https:\/\/www.mfpackaging.it\/es\/documentacion\/\"]}]},{\"@type\":\"BreadcrumbList\",\"@id\":\"https:\/\/www.mfpackaging.it\/es\/documentacion\/#breadcrumb\",\"itemListElement\":[{\"@type\":\"ListItem\",\"position\":1,\"name\":\"Home\",\"item\":\"https:\/\/www.mfpackaging.it\/es\/\"},{\"@type\":\"ListItem\",\"position\":2,\"name\":\"Documentaci\u00f3n\"}]},{\"@type\":\"WebSite\",\"@id\":\"https:\/\/www.mfpackaging.it\/#website\",\"url\":\"https:\/\/www.mfpackaging.it\/\",\"name\":\"MF Packaging Machine\",\"description\":\"Let&#039;s pack your business\",\"potentialAction\":[{\"@type\":\"SearchAction\",\"target\":{\"@type\":\"EntryPoint\",\"urlTemplate\":\"https:\/\/www.mfpackaging.it\/?s={search_term_string}\"},\"query-input\":\"required name=search_term_string\"}],\"inLanguage\":\"es\"}]}<\/script>\n<!-- \/ Yoast SEO plugin. -->","yoast_head_json":{"title":"Documentaci\u00f3n - MF Packaging Machines","robots":{"index":"index","follow":"follow","max-snippet":"max-snippet:-1","max-image-preview":"max-image-preview:large","max-video-preview":"max-video-preview:-1"},"canonical":"https:\/\/www.mfpackaging.it\/es\/documentacion\/","og_locale":"es_ES","og_type":"article","og_title":"Documentaci\u00f3n - MF Packaging Machines","og_description":"Documentaci\u00f3n Envasadoras MF Packaging MF PACKAGING somete cada m\u00e1quina a una rigurosa prueba con controles exhaustivos en todos los grupos de la envasadora: Cuadro el\u00e9ctrico Software Componentes mec\u00e1nicos Mediante el uso de herramientas espec\u00edficas, se verifican las tolerancias de dosificaci\u00f3n y la integridad de los sellados incluso en las peores condiciones.Adem\u00e1s, realizamos una prueba funcional [&hellip;]","og_url":"https:\/\/www.mfpackaging.it\/es\/documentacion\/","og_site_name":"MF Packaging Machines","article_modified_time":"2024-09-16T08:37:52+00:00","twitter_card":"summary_large_image","twitter_misc":{"Tiempo de lectura":"1 minuto"},"schema":{"@context":"https:\/\/schema.org","@graph":[{"@type":"WebPage","@id":"https:\/\/www.mfpackaging.it\/es\/documentacion\/","url":"https:\/\/www.mfpackaging.it\/es\/documentacion\/","name":"Documentaci\u00f3n - MF Packaging Machines","isPartOf":{"@id":"https:\/\/www.mfpackaging.it\/#website"},"datePublished":"2023-12-04T11:13:44+00:00","dateModified":"2024-09-16T08:37:52+00:00","breadcrumb":{"@id":"https:\/\/www.mfpackaging.it\/es\/documentacion\/#breadcrumb"},"inLanguage":"es","potentialAction":[{"@type":"ReadAction","target":["https:\/\/www.mfpackaging.it\/es\/documentacion\/"]}]},{"@type":"BreadcrumbList","@id":"https:\/\/www.mfpackaging.it\/es\/documentacion\/#breadcrumb","itemListElement":[{"@type":"ListItem","position":1,"name":"Home","item":"https:\/\/www.mfpackaging.it\/es\/"},{"@type":"ListItem","position":2,"name":"Documentaci\u00f3n"}]},{"@type":"WebSite","@id":"https:\/\/www.mfpackaging.it\/#website","url":"https:\/\/www.mfpackaging.it\/","name":"MF Packaging Machine","description":"Let&#039;s pack your business","potentialAction":[{"@type":"SearchAction","target":{"@type":"EntryPoint","urlTemplate":"https:\/\/www.mfpackaging.it\/?s={search_term_string}"},"query-input":"required name=search_term_string"}],"inLanguage":"es"}]}},"featured_image_src":null,"featured_image_src_square":null,"_links":{"self":[{"href":"https:\/\/www.mfpackaging.it\/es\/wp-json\/wp\/v2\/pages\/5893"}],"collection":[{"href":"https:\/\/www.mfpackaging.it\/es\/wp-json\/wp\/v2\/pages"}],"about":[{"href":"https:\/\/www.mfpackaging.it\/es\/wp-json\/wp\/v2\/types\/page"}],"author":[{"embeddable":true,"href":"https:\/\/www.mfpackaging.it\/es\/wp-json\/wp\/v2\/users\/1"}],"replies":[{"embeddable":true,"href":"https:\/\/www.mfpackaging.it\/es\/wp-json\/wp\/v2\/comments?post=5893"}],"version-history":[{"count":0,"href":"https:\/\/www.mfpackaging.it\/es\/wp-json\/wp\/v2\/pages\/5893\/revisions"}],"wp:attachment":[{"href":"https:\/\/www.mfpackaging.it\/es\/wp-json\/wp\/v2\/media?parent=5893"}],"curies":[{"name":"wp","href":"https:\/\/api.w.org\/{rel}","templated":true}]}}