{"id":6043,"date":"2024-05-14T15:31:52","date_gmt":"2024-05-14T15:31:52","guid":{"rendered":"https:\/\/www.mfpackaging.it\/sostenibilita\/"},"modified":"2024-07-23T14:31:18","modified_gmt":"2024-07-23T14:31:18","slug":"sostenibilidad","status":"publish","type":"page","link":"https:\/\/www.mfpackaging.it\/es\/sostenibilidad\/","title":{"rendered":"Sostenibilidad"},"content":{"rendered":"\t\t<div data-elementor-type=\"wp-page\" data-elementor-id=\"6043\" class=\"elementor elementor-6043 elementor-5748\">\n\t\t\t\t\t\t\t<div class=\"elementor-element elementor-element-1633e00f e-con-full e-flex e-con e-parent\" data-id=\"1633e00f\" data-element_type=\"container\" data-settings=\"{&quot;content_width&quot;:&quot;full&quot;,&quot;background_background&quot;:&quot;classic&quot;}\" data-core-v316-plus=\"true\">\n\t\t\t\t<div class=\"elementor-element elementor-element-227e4195 elementor-widget elementor-widget-heading\" data-id=\"227e4195\" data-element_type=\"widget\" data-widget_type=\"heading.default\">\n\t\t\t\t<div class=\"elementor-widget-container\">\n\t\t\t<h2 class=\"elementor-heading-title elementor-size-default\">La sostenibilidad para MF Packaging <br>\nes un objetivo esencial<\/h2>\t\t<\/div>\n\t\t\t\t<\/div>\n\t\t\t\t<\/div>\n\t\t\t\t<section class=\"elementor-section elementor-top-section elementor-element elementor-element-14d41106 elementor-reverse-tablet elementor-reverse-mobile elementor-section-boxed elementor-section-height-default elementor-section-height-default\" data-id=\"14d41106\" data-element_type=\"section\">\n\t\t\t\t\t\t<div class=\"elementor-container elementor-column-gap-default\">\n\t\t\t\t\t<div class=\"elementor-column elementor-col-50 elementor-top-column elementor-element elementor-element-acbdf50\" data-id=\"acbdf50\" data-element_type=\"column\">\n\t\t\t<div class=\"elementor-widget-wrap elementor-element-populated\">\n\t\t\t\t\t\t\t\t<div class=\"elementor-element elementor-element-6cc3adde elementor-widget__width-initial aleft elementor-widget elementor-widget-wgl-double-heading\" data-id=\"6cc3adde\" data-element_type=\"widget\" data-widget_type=\"wgl-double-heading.default\">\n\t\t\t\t<div class=\"elementor-widget-container\">\n\t\t\t<div class=\"wgl-double-heading\"><div class=\"dblh__wrapper\"><h3 class=\"dblh__title-wrapper\"><span class=\"dblh__title dblh__title-1\">Sin <\/span><span class=\"dblh__title dblh__title-2\">Sobreenvasado <\/span><span class=\"dblh__title dblh__title-3\">reducimos el impacto medioambiental<\/span><\/h3><\/div><\/div>\t\t<\/div>\n\t\t\t\t<\/div>\n\t\t\t\t<div class=\"elementor-element elementor-element-194d4dee elementor-widget elementor-widget-spacer\" data-id=\"194d4dee\" data-element_type=\"widget\" data-widget_type=\"spacer.default\">\n\t\t\t\t<div class=\"elementor-widget-container\">\n\t\t\t\t\t<div class=\"elementor-spacer\">\n\t\t\t<div class=\"elementor-spacer-inner\"><\/div>\n\t\t<\/div>\n\t\t\t\t<\/div>\n\t\t\t\t<\/div>\n\t\t\t\t<div class=\"elementor-element elementor-element-670e1ed4 elementor-widget__width-initial elementor-widget-tablet__width-inherit elementor-widget elementor-widget-text-editor\" data-id=\"670e1ed4\" data-element_type=\"widget\" data-widget_type=\"text-editor.default\">\n\t\t\t\t<div class=\"elementor-widget-container\">\n\t\t\t\t\t\t\tLas m\u00e1quinas de MF Packaging garantizan el sobre monodosis m\u00e1s peque\u00f1o posible seg\u00fan las especificaciones del cliente.\t\t\t\t\t\t<\/div>\n\t\t\t\t<\/div>\n\t\t\t\t\t<\/div>\n\t\t<\/div>\n\t\t\t\t<div class=\"elementor-column elementor-col-50 elementor-top-column elementor-element elementor-element-506b836c\" data-id=\"506b836c\" data-element_type=\"column\">\n\t\t\t<div class=\"elementor-widget-wrap elementor-element-populated\">\n\t\t\t\t\t\t\t\t<div class=\"elementor-element elementor-element-20434fb5 elementor-widget elementor-widget-wgl-image-layers\" data-id=\"20434fb5\" data-element_type=\"widget\" data-widget_type=\"wgl-image-layers.default\">\n\t\t\t\t<div class=\"elementor-widget-container\">\n\t\t\t<div class=\"wgl-image-layers\"><div class=\"img-layer_image-wrapper slide_right elementor-repeater-item-e0551c7\" style=\"z-index: 1\">\n                <div class=\"img-layer_item\">\n                    <div class=\"img-layer_image\" style=\"transition: all 800ms; transition-delay: 600ms;\">\n                        <img decoding=\"async\" src=\"https:\/\/www.mfpackaging.it\/wp-content\/uploads\/2024\/01\/case-history-food.jpeg\" alt=\"case-history-food\" \/>\n                    <\/div>\n                <\/div>\n            <\/div> <\/div>\t\t<\/div>\n\t\t\t\t<\/div>\n\t\t\t\t\t<\/div>\n\t\t<\/div>\n\t\t\t\t\t\t\t<\/div>\n\t\t<\/section>\n\t\t\t\t<section class=\"elementor-section elementor-top-section elementor-element elementor-element-6bf073bc elementor-section-content-middle elementor-section-boxed elementor-section-height-default elementor-section-height-default\" data-id=\"6bf073bc\" data-element_type=\"section\" id=\"mission-vision\">\n\t\t\t\t\t\t<div class=\"elementor-container elementor-column-gap-default\">\n\t\t\t\t\t<div class=\"elementor-column elementor-col-100 elementor-top-column elementor-element elementor-element-29e7d68\" data-id=\"29e7d68\" data-element_type=\"column\">\n\t\t\t<div class=\"elementor-widget-wrap elementor-element-populated\">\n\t\t\t\t\t\t\t\t<section class=\"elementor-section elementor-inner-section elementor-element elementor-element-76b47cf0 elementor-section-boxed elementor-section-height-default elementor-section-height-default\" data-id=\"76b47cf0\" data-element_type=\"section\">\n\t\t\t\t\t\t<div class=\"elementor-container elementor-column-gap-default\">\n\t\t\t\t\t<div class=\"elementor-column elementor-col-33 elementor-inner-column elementor-element elementor-element-6bd33076\" data-id=\"6bd33076\" data-element_type=\"column\">\n\t\t\t<div class=\"elementor-widget-wrap elementor-element-populated\">\n\t\t\t\t\t\t\t\t<div class=\"elementor-element elementor-element-5f85a924 elementor-widget-image-box wgl-image-box elementor-widget elementor-widget-wgl-flipbox\" data-id=\"5f85a924\" data-element_type=\"widget\" data-widget_type=\"wgl-flipbox.default\">\n\t\t\t\t<div class=\"elementor-widget-container\">\n\t\t\t<div class=\"wgl-flipbox type_flip_right\"><div class=\"wgl-flipbox_wrap\"><div class=\"wgl-flipbox_front\"><div class=\"wgl-flipbox_media-wrap\"><div class=\"media-wrapper img-wrapper\"><figure class=\"wgl-image-box_img\"><span ><img decoding=\"async\" src=\"https:\/\/www.mfpackaging.it\/wp-content\/uploads\/2024\/07\/icona-sostenibilita-1-1.png\" title=\"icona sostenibilita\u0300 1\" alt=\"icona sostenibilita\u0300 1\" loading=\"lazy\" \/><\/span><\/figure><\/div><\/div><div class=\"wgl-flipbox_title\"><span>Alta reciclabilidad de los desechable<\/span><\/div><\/div><div class=\"wgl-flipbox_back\"><div class=\"wgl-flipbox_content\"><p>Todas las m\u00e1quinas producidas por MF Packaging est\u00e1n dise\u00f1adas para trabajar con materiales biocompatibles de \u00faltima generaci\u00f3n y pel\u00edculas de PP 93% reciclables (seg\u00fan la certificaci\u00f3n Cyclos).<\/p><\/div><\/div><\/div><\/div>\t\t<\/div>\n\t\t\t\t<\/div>\n\t\t\t\t\t<\/div>\n\t\t<\/div>\n\t\t\t\t<div class=\"elementor-column elementor-col-33 elementor-inner-column elementor-element elementor-element-9f42b57\" data-id=\"9f42b57\" data-element_type=\"column\">\n\t\t\t<div class=\"elementor-widget-wrap elementor-element-populated\">\n\t\t\t\t\t\t\t\t<div class=\"elementor-element elementor-element-0526a6f elementor-widget-image-box wgl-image-box elementor-widget elementor-widget-wgl-flipbox\" data-id=\"0526a6f\" data-element_type=\"widget\" data-widget_type=\"wgl-flipbox.default\">\n\t\t\t\t<div class=\"elementor-widget-container\">\n\t\t\t<div class=\"wgl-flipbox type_flip_right\"><div class=\"wgl-flipbox_wrap\"><div class=\"wgl-flipbox_front\"><div class=\"wgl-flipbox_media-wrap\"><div class=\"media-wrapper img-wrapper\"><figure class=\"wgl-image-box_img\"><span ><img decoding=\"async\" src=\"https:\/\/www.mfpackaging.it\/wp-content\/uploads\/2024\/07\/icona-sostenibilita-2.png\" title=\"icona sostenibilita\u0300 2\" alt=\"icona sostenibilita\u0300 2\" loading=\"lazy\" \/><\/span><\/figure><\/div><\/div><div class=\"wgl-flipbox_title\"><span>Ahorro de energ\u00eda<\/span><\/div><\/div><div class=\"wgl-flipbox_back\"><div class=\"wgl-flipbox_content\"><p><span style=\"font-weight: 400\">Las m\u00e1quinas MF Packaging est\u00e1n dise\u00f1adas para eliminar el desperdicio de energ\u00eda, buscando un ahorro de energ\u00eda superior al 30%.<\/span><\/p><\/div><\/div><\/div><\/div>\t\t<\/div>\n\t\t\t\t<\/div>\n\t\t\t\t\t<\/div>\n\t\t<\/div>\n\t\t\t\t<div class=\"elementor-column elementor-col-33 elementor-inner-column elementor-element elementor-element-566c514\" data-id=\"566c514\" data-element_type=\"column\">\n\t\t\t<div class=\"elementor-widget-wrap elementor-element-populated\">\n\t\t\t\t\t\t\t\t<div class=\"elementor-element elementor-element-a99ed5e elementor-widget-image-box wgl-image-box elementor-widget elementor-widget-wgl-flipbox\" data-id=\"a99ed5e\" data-element_type=\"widget\" data-widget_type=\"wgl-flipbox.default\">\n\t\t\t\t<div class=\"elementor-widget-container\">\n\t\t\t<div class=\"wgl-flipbox type_flip_right\"><div class=\"wgl-flipbox_wrap\"><div class=\"wgl-flipbox_front\"><div class=\"wgl-flipbox_media-wrap\"><div class=\"media-wrapper img-wrapper\"><figure class=\"wgl-image-box_img\"><span ><img decoding=\"async\" src=\"https:\/\/www.mfpackaging.it\/wp-content\/uploads\/2024\/07\/icona-sostenibilita-3.png\" title=\"icona sostenibilita\u0300 3\" alt=\"icona sostenibilita\u0300 3\" loading=\"lazy\" \/><\/span><\/figure><\/div><\/div><div class=\"wgl-flipbox_title\"><span>Regeneraci\u00f3n<\/span><\/div><\/div><div class=\"wgl-flipbox_back\"><div class=\"wgl-flipbox_content\"><p><span style=\"font-weight: 400\">Los motores y servomotores sin escobillas utilizados en las m\u00e1quinas MF se pueden regenerar.<\/span><\/p><\/div><\/div><\/div><\/div>\t\t<\/div>\n\t\t\t\t<\/div>\n\t\t\t\t\t<\/div>\n\t\t<\/div>\n\t\t\t\t\t\t\t<\/div>\n\t\t<\/section>\n\t\t\t\t<section class=\"elementor-section elementor-inner-section elementor-element elementor-element-e5a9f56 elementor-section-boxed elementor-section-height-default elementor-section-height-default\" data-id=\"e5a9f56\" data-element_type=\"section\">\n\t\t\t\t\t\t<div class=\"elementor-container elementor-column-gap-default\">\n\t\t\t\t\t<div class=\"elementor-column elementor-col-33 elementor-inner-column elementor-element elementor-element-e78d1c3\" data-id=\"e78d1c3\" data-element_type=\"column\">\n\t\t\t<div class=\"elementor-widget-wrap elementor-element-populated\">\n\t\t\t\t\t\t\t\t<div class=\"elementor-element elementor-element-2419d64 elementor-widget-image-box wgl-image-box elementor-widget elementor-widget-wgl-flipbox\" data-id=\"2419d64\" data-element_type=\"widget\" data-widget_type=\"wgl-flipbox.default\">\n\t\t\t\t<div class=\"elementor-widget-container\">\n\t\t\t<div class=\"wgl-flipbox type_flip_right\"><div class=\"wgl-flipbox_wrap\"><div class=\"wgl-flipbox_front\"><div class=\"wgl-flipbox_media-wrap\"><div class=\"media-wrapper img-wrapper\"><figure class=\"wgl-image-box_img\"><span ><img decoding=\"async\" src=\"https:\/\/www.mfpackaging.it\/wp-content\/uploads\/2024\/07\/icona-sostenibilita-4.png\" title=\"icona sostenibilita\u0300 4\" alt=\"icona sostenibilita\u0300 4\" loading=\"lazy\" \/><\/span><\/figure><\/div><\/div><div class=\"wgl-flipbox_title\"><span>Econom\u00eda circular<\/span><\/div><\/div><div class=\"wgl-flipbox_back\"><div class=\"wgl-flipbox_content\"><p><span style=\"font-weight: 400\">MF Packaging ofrece un servicio de modernizaci\u00f3n de sus m\u00e1quinas, esto nos permite eliminar el desperdicio al m\u00ednimo, recuperando las piezas mec\u00e1nicas que a\u00fan se encuentran en excelentes condiciones.<\/span><\/p><\/div><\/div><\/div><\/div>\t\t<\/div>\n\t\t\t\t<\/div>\n\t\t\t\t\t<\/div>\n\t\t<\/div>\n\t\t\t\t<div class=\"elementor-column elementor-col-33 elementor-inner-column elementor-element elementor-element-b2e2b6e\" data-id=\"b2e2b6e\" data-element_type=\"column\">\n\t\t\t<div class=\"elementor-widget-wrap elementor-element-populated\">\n\t\t\t\t\t\t\t\t<div class=\"elementor-element elementor-element-44fa61a elementor-widget-image-box wgl-image-box elementor-widget elementor-widget-wgl-flipbox\" data-id=\"44fa61a\" data-element_type=\"widget\" data-widget_type=\"wgl-flipbox.default\">\n\t\t\t\t<div class=\"elementor-widget-container\">\n\t\t\t<div class=\"wgl-flipbox type_flip_right\"><div class=\"wgl-flipbox_wrap\"><div class=\"wgl-flipbox_front\"><div class=\"wgl-flipbox_media-wrap\"><div class=\"media-wrapper img-wrapper\"><figure class=\"wgl-image-box_img\"><span ><img decoding=\"async\" src=\"https:\/\/www.mfpackaging.it\/wp-content\/uploads\/2024\/07\/icona-sostenibilita-5-1.png\" title=\"icona sostenibilita\u0300 5\" alt=\"icona sostenibilita\u0300 5\" loading=\"lazy\" \/><\/span><\/figure><\/div><\/div><div class=\"wgl-flipbox_title\"><span>Proveedores sostenibles<\/span><\/div><\/div><div class=\"wgl-flipbox_back\"><div class=\"wgl-flipbox_content\"><p><span style=\"font-weight: 400\">MF Packaging elige a sus proveedores que sean compatibles con sus est\u00e1ndares de sostenibilidad y valores \u00e9ticos.<\/span><\/p><\/div><\/div><\/div><\/div>\t\t<\/div>\n\t\t\t\t<\/div>\n\t\t\t\t\t<\/div>\n\t\t<\/div>\n\t\t\t\t<div class=\"elementor-column elementor-col-33 elementor-inner-column elementor-element elementor-element-3035a18\" data-id=\"3035a18\" data-element_type=\"column\">\n\t\t\t<div class=\"elementor-widget-wrap\">\n\t\t\t\t\t\t\t\t\t<\/div>\n\t\t<\/div>\n\t\t\t\t\t\t\t<\/div>\n\t\t<\/section>\n\t\t\t\t\t<\/div>\n\t\t<\/div>\n\t\t\t\t\t\t\t<\/div>\n\t\t<\/section>\n\t\t\t\t\t\t\t<\/div>\n\t\t","protected":false},"excerpt":{"rendered":"<p>La sostenibilidad para MF Packaging es un objetivo esencial Sin Sobreenvasado reducimos el impacto medioambiental Las m\u00e1quinas de MF Packaging garantizan el sobre monodosis m\u00e1s peque\u00f1o posible seg\u00fan las especificaciones del cliente. Alta reciclabilidad de los desechable Todas las m\u00e1quinas producidas por MF Packaging est\u00e1n dise\u00f1adas para trabajar con materiales biocompatibles de \u00faltima generaci\u00f3n y [&hellip;]<\/p>\n","protected":false},"author":1,"featured_media":0,"parent":0,"menu_order":0,"comment_status":"closed","ping_status":"closed","template":"","meta":{"footnotes":""},"yoast_head":"<!-- This site is optimized with the Yoast SEO plugin v22.0 - https:\/\/yoast.com\/wordpress\/plugins\/seo\/ -->\n<title>Sostenibilidad - MF Packaging Machines<\/title>\n<meta name=\"robots\" content=\"index, follow, max-snippet:-1, max-image-preview:large, max-video-preview:-1\" \/>\n<link rel=\"canonical\" href=\"https:\/\/www.mfpackaging.it\/es\/sostenibilidad\/\" \/>\n<meta property=\"og:locale\" content=\"es_ES\" \/>\n<meta property=\"og:type\" content=\"article\" \/>\n<meta property=\"og:title\" content=\"Sostenibilidad - MF Packaging Machines\" \/>\n<meta property=\"og:description\" content=\"La sostenibilidad para MF Packaging es un objetivo esencial Sin Sobreenvasado reducimos el impacto medioambiental Las m\u00e1quinas de MF Packaging garantizan el sobre monodosis m\u00e1s peque\u00f1o posible seg\u00fan las especificaciones del cliente. Alta reciclabilidad de los desechable Todas las m\u00e1quinas producidas por MF Packaging est\u00e1n dise\u00f1adas para trabajar con materiales biocompatibles de \u00faltima generaci\u00f3n y [&hellip;]\" \/>\n<meta property=\"og:url\" content=\"https:\/\/www.mfpackaging.it\/es\/sostenibilidad\/\" \/>\n<meta property=\"og:site_name\" content=\"MF Packaging Machines\" \/>\n<meta property=\"article:modified_time\" content=\"2024-07-23T14:31:18+00:00\" \/>\n<meta property=\"og:image\" content=\"https:\/\/www.mfpackaging.it\/wp-content\/uploads\/2024\/01\/case-history-food.jpeg\" \/>\n<meta name=\"twitter:card\" content=\"summary_large_image\" \/>\n<meta name=\"twitter:label1\" content=\"Tiempo de lectura\" \/>\n\t<meta name=\"twitter:data1\" content=\"2 minutos\" \/>\n<script type=\"application\/ld+json\" class=\"yoast-schema-graph\">{\"@context\":\"https:\/\/schema.org\",\"@graph\":[{\"@type\":\"WebPage\",\"@id\":\"https:\/\/www.mfpackaging.it\/es\/sostenibilidad\/\",\"url\":\"https:\/\/www.mfpackaging.it\/es\/sostenibilidad\/\",\"name\":\"Sostenibilidad - MF Packaging Machines\",\"isPartOf\":{\"@id\":\"https:\/\/www.mfpackaging.it\/#website\"},\"datePublished\":\"2024-05-14T15:31:52+00:00\",\"dateModified\":\"2024-07-23T14:31:18+00:00\",\"breadcrumb\":{\"@id\":\"https:\/\/www.mfpackaging.it\/es\/sostenibilidad\/#breadcrumb\"},\"inLanguage\":\"es\",\"potentialAction\":[{\"@type\":\"ReadAction\",\"target\":[\"https:\/\/www.mfpackaging.it\/es\/sostenibilidad\/\"]}]},{\"@type\":\"BreadcrumbList\",\"@id\":\"https:\/\/www.mfpackaging.it\/es\/sostenibilidad\/#breadcrumb\",\"itemListElement\":[{\"@type\":\"ListItem\",\"position\":1,\"name\":\"Home\",\"item\":\"https:\/\/www.mfpackaging.it\/es\/\"},{\"@type\":\"ListItem\",\"position\":2,\"name\":\"Sostenibilidad\"}]},{\"@type\":\"WebSite\",\"@id\":\"https:\/\/www.mfpackaging.it\/#website\",\"url\":\"https:\/\/www.mfpackaging.it\/\",\"name\":\"MF Packaging Machine\",\"description\":\"Let&#039;s pack your business\",\"potentialAction\":[{\"@type\":\"SearchAction\",\"target\":{\"@type\":\"EntryPoint\",\"urlTemplate\":\"https:\/\/www.mfpackaging.it\/?s={search_term_string}\"},\"query-input\":\"required name=search_term_string\"}],\"inLanguage\":\"es\"}]}<\/script>\n<!-- \/ Yoast SEO plugin. -->","yoast_head_json":{"title":"Sostenibilidad - MF Packaging Machines","robots":{"index":"index","follow":"follow","max-snippet":"max-snippet:-1","max-image-preview":"max-image-preview:large","max-video-preview":"max-video-preview:-1"},"canonical":"https:\/\/www.mfpackaging.it\/es\/sostenibilidad\/","og_locale":"es_ES","og_type":"article","og_title":"Sostenibilidad - MF Packaging Machines","og_description":"La sostenibilidad para MF Packaging es un objetivo esencial Sin Sobreenvasado reducimos el impacto medioambiental Las m\u00e1quinas de MF Packaging garantizan el sobre monodosis m\u00e1s peque\u00f1o posible seg\u00fan las especificaciones del cliente. Alta reciclabilidad de los desechable Todas las m\u00e1quinas producidas por MF Packaging est\u00e1n dise\u00f1adas para trabajar con materiales biocompatibles de \u00faltima generaci\u00f3n y [&hellip;]","og_url":"https:\/\/www.mfpackaging.it\/es\/sostenibilidad\/","og_site_name":"MF Packaging Machines","article_modified_time":"2024-07-23T14:31:18+00:00","og_image":[{"url":"https:\/\/www.mfpackaging.it\/wp-content\/uploads\/2024\/01\/case-history-food.jpeg"}],"twitter_card":"summary_large_image","twitter_misc":{"Tiempo de lectura":"2 minutos"},"schema":{"@context":"https:\/\/schema.org","@graph":[{"@type":"WebPage","@id":"https:\/\/www.mfpackaging.it\/es\/sostenibilidad\/","url":"https:\/\/www.mfpackaging.it\/es\/sostenibilidad\/","name":"Sostenibilidad - MF Packaging Machines","isPartOf":{"@id":"https:\/\/www.mfpackaging.it\/#website"},"datePublished":"2024-05-14T15:31:52+00:00","dateModified":"2024-07-23T14:31:18+00:00","breadcrumb":{"@id":"https:\/\/www.mfpackaging.it\/es\/sostenibilidad\/#breadcrumb"},"inLanguage":"es","potentialAction":[{"@type":"ReadAction","target":["https:\/\/www.mfpackaging.it\/es\/sostenibilidad\/"]}]},{"@type":"BreadcrumbList","@id":"https:\/\/www.mfpackaging.it\/es\/sostenibilidad\/#breadcrumb","itemListElement":[{"@type":"ListItem","position":1,"name":"Home","item":"https:\/\/www.mfpackaging.it\/es\/"},{"@type":"ListItem","position":2,"name":"Sostenibilidad"}]},{"@type":"WebSite","@id":"https:\/\/www.mfpackaging.it\/#website","url":"https:\/\/www.mfpackaging.it\/","name":"MF Packaging Machine","description":"Let&#039;s pack your business","potentialAction":[{"@type":"SearchAction","target":{"@type":"EntryPoint","urlTemplate":"https:\/\/www.mfpackaging.it\/?s={search_term_string}"},"query-input":"required name=search_term_string"}],"inLanguage":"es"}]}},"featured_image_src":null,"featured_image_src_square":null,"_links":{"self":[{"href":"https:\/\/www.mfpackaging.it\/es\/wp-json\/wp\/v2\/pages\/6043"}],"collection":[{"href":"https:\/\/www.mfpackaging.it\/es\/wp-json\/wp\/v2\/pages"}],"about":[{"href":"https:\/\/www.mfpackaging.it\/es\/wp-json\/wp\/v2\/types\/page"}],"author":[{"embeddable":true,"href":"https:\/\/www.mfpackaging.it\/es\/wp-json\/wp\/v2\/users\/1"}],"replies":[{"embeddable":true,"href":"https:\/\/www.mfpackaging.it\/es\/wp-json\/wp\/v2\/comments?post=6043"}],"version-history":[{"count":0,"href":"https:\/\/www.mfpackaging.it\/es\/wp-json\/wp\/v2\/pages\/6043\/revisions"}],"wp:attachment":[{"href":"https:\/\/www.mfpackaging.it\/es\/wp-json\/wp\/v2\/media?parent=6043"}],"curies":[{"name":"wp","href":"https:\/\/api.w.org\/{rel}","templated":true}]}}