{"id":6068,"date":"2023-12-04T11:55:13","date_gmt":"2023-12-04T11:55:13","guid":{"rendered":"https:\/\/www.mfpackaging.it\/richiesta-ricambi\/"},"modified":"2024-09-06T10:08:34","modified_gmt":"2024-09-06T10:08:34","slug":"solicitud-de-repuestos","status":"publish","type":"page","link":"https:\/\/www.mfpackaging.it\/es\/solicitud-de-repuestos\/","title":{"rendered":"Solicitud de repuestos"},"content":{"rendered":"\t\t<div data-elementor-type=\"wp-page\" data-elementor-id=\"6068\" class=\"elementor elementor-6068 elementor-4573\">\n\t\t\t\t\t\t\t<div class=\"elementor-element elementor-element-2c1c10f3 e-con-full e-flex e-con e-parent\" data-id=\"2c1c10f3\" data-element_type=\"container\" data-settings=\"{&quot;content_width&quot;:&quot;full&quot;,&quot;background_background&quot;:&quot;classic&quot;}\" data-core-v316-plus=\"true\">\n\t\t\t\t<div class=\"elementor-element elementor-element-1f9000c0 elementor-widget elementor-widget-heading\" data-id=\"1f9000c0\" data-element_type=\"widget\" data-widget_type=\"heading.default\">\n\t\t\t\t<div class=\"elementor-widget-container\">\n\t\t\t<h2 class=\"elementor-heading-title elementor-size-default\">Solicitud de repuestos<\/h2>\t\t<\/div>\n\t\t\t\t<\/div>\n\t\t\t\t<div class=\"elementor-element elementor-element-b292c0a elementor-widget elementor-widget-spacer\" data-id=\"b292c0a\" data-element_type=\"widget\" data-widget_type=\"spacer.default\">\n\t\t\t\t<div class=\"elementor-widget-container\">\n\t\t\t\t\t<div class=\"elementor-spacer\">\n\t\t\t<div class=\"elementor-spacer-inner\"><\/div>\n\t\t<\/div>\n\t\t\t\t<\/div>\n\t\t\t\t<\/div>\n\t\t\t\t<\/div>\n\t\t\t\t<section class=\"elementor-section elementor-top-section elementor-element elementor-element-4041fe89 elementor-section-boxed elementor-section-height-default elementor-section-height-default\" data-id=\"4041fe89\" data-element_type=\"section\">\n\t\t\t\t\t\t<div class=\"elementor-container elementor-column-gap-default\">\n\t\t\t\t\t<div class=\"elementor-column elementor-col-50 elementor-top-column elementor-element elementor-element-20855148\" data-id=\"20855148\" data-element_type=\"column\">\n\t\t\t<div class=\"elementor-widget-wrap elementor-element-populated\">\n\t\t\t\t\t\t\t\t<div class=\"elementor-element elementor-element-e858983 aleft elementor-widget elementor-widget-wgl-double-heading\" data-id=\"e858983\" data-element_type=\"widget\" data-widget_type=\"wgl-double-heading.default\">\n\t\t\t\t<div class=\"elementor-widget-container\">\n\t\t\t<div class=\"wgl-double-heading\"><div class=\"dblh__wrapper\"><h3 class=\"dblh__title-wrapper\"><span class=\"dblh__title dblh__title-1\">Solicitud de Repuestos <br> M\u00e1quinas Envasadoras<\/span><\/h3><\/div><\/div>\t\t<\/div>\n\t\t\t\t<\/div>\n\t\t\t\t<div class=\"elementor-element elementor-element-25ee41a1 elementor-widget elementor-widget-text-editor\" data-id=\"25ee41a1\" data-element_type=\"widget\" data-widget_type=\"text-editor.default\">\n\t\t\t\t<div class=\"elementor-widget-container\">\n\t\t\t\t\t\t\tRellena el formulario para solicitar un presupuesto de repuestos para las <strong>M\u00e1quinas Envasadoras MF PACKAGING.<\/strong>\n\t\t\t\t\t\t<\/div>\n\t\t\t\t<\/div>\n\t\t\t\t\t<\/div>\n\t\t<\/div>\n\t\t\t\t<div class=\"elementor-column elementor-col-50 elementor-top-column elementor-element elementor-element-7d917380\" data-id=\"7d917380\" data-element_type=\"column\">\n\t\t\t<div class=\"elementor-widget-wrap elementor-element-populated\">\n\t\t\t\t\t\t\t\t<div class=\"elementor-element elementor-element-7cf2ef09 aleft elementor-widget elementor-widget-wgl-contact-form-7\" data-id=\"7cf2ef09\" data-element_type=\"widget\" data-widget_type=\"wgl-contact-form-7.default\">\n\t\t\t\t<div class=\"elementor-widget-container\">\n\t\t\t<div class=\"wgl-contact-form-7\">\n<div class=\"wpcf7 no-js\" id=\"wpcf7-f6116-o1\" lang=\"en-US\" dir=\"ltr\">\n<div class=\"screen-reader-response\"><p role=\"status\" aria-live=\"polite\" aria-atomic=\"true\"><\/p> <ul><\/ul><\/div>\n<form action=\"\/es\/wp-json\/wp\/v2\/pages\/6068#wpcf7-f6116-o1\" method=\"post\" class=\"wpcf7-form init\" aria-label=\"Formulario de contacto\" enctype=\"multipart\/form-data\" novalidate=\"novalidate\" data-status=\"init\">\n<div style=\"display: none;\">\n<input type=\"hidden\" name=\"_wpcf7\" value=\"6116\" \/>\n<input type=\"hidden\" name=\"_wpcf7_version\" value=\"5.8.1\" \/>\n<input type=\"hidden\" name=\"_wpcf7_locale\" value=\"en_US\" \/>\n<input type=\"hidden\" name=\"_wpcf7_unit_tag\" value=\"wpcf7-f6116-o1\" \/>\n<input type=\"hidden\" name=\"_wpcf7_container_post\" value=\"0\" \/>\n<input type=\"hidden\" name=\"_wpcf7_posted_data_hash\" value=\"\" \/>\n<input type=\"hidden\" name=\"_wpcf7_recaptcha_response\" value=\"\" \/>\n<\/div>\n<div class='row'>\n<div class='wgl_col-6'>\n<span class=\"wpcf7-form-control-wrap\" data-name=\"nome-cognome\"><input size=\"40\" class=\"wpcf7-form-control wpcf7-text wpcf7-validates-as-required\" aria-required=\"true\" aria-invalid=\"false\" placeholder=\"Nombre y Apellido\" value=\"\" type=\"text\" name=\"nome-cognome\" \/><\/span>\n<\/div>\n<div class='wgl_col-6'>\n<span class=\"wpcf7-form-control-wrap\" data-name=\"azienda\"><input size=\"40\" class=\"wpcf7-form-control wpcf7-text wpcf7-validates-as-required\" aria-required=\"true\" aria-invalid=\"false\" placeholder=\"Empresa\" value=\"\" type=\"text\" name=\"azienda\" \/><\/span>\n<\/div>\n<div class='wgl_col-6'>\n<span class=\"wpcf7-form-control-wrap\" data-name=\"localita\"><input size=\"40\" class=\"wpcf7-form-control wpcf7-text wpcf7-validates-as-required\" aria-required=\"true\" aria-invalid=\"false\" placeholder=\"Ciudad\" value=\"\" type=\"text\" name=\"localita\" \/><\/span>\n<\/div>\n<div class='wgl_col-6'>\n<span class=\"wpcf7-form-control-wrap\" data-name=\"telefono\"><input size=\"40\" class=\"wpcf7-form-control wpcf7-tel wpcf7-validates-as-required wpcf7-text wpcf7-validates-as-tel\" aria-required=\"true\" aria-invalid=\"false\" placeholder=\"Telefono\" value=\"\" type=\"tel\" name=\"telefono\" \/><\/span>\n<\/div>\n<div class='wgl_col-12'>\n<span class=\"wpcf7-form-control-wrap\" data-name=\"email\"><input size=\"40\" class=\"wpcf7-form-control wpcf7-email wpcf7-validates-as-required wpcf7-text wpcf7-validates-as-email\" aria-required=\"true\" aria-invalid=\"false\" placeholder=\"E-mail\" value=\"\" type=\"email\" name=\"email\" \/><\/span>\n<\/div>\n<div class='wgl_col-4'>\n<span class=\"wpcf7-form-control-wrap\" data-name=\"matricola\"><input class=\"wpcf7-form-control wpcf7-number wpcf7-validates-as-required wpcf7-validates-as-number\" aria-required=\"true\" aria-invalid=\"false\" placeholder=\"N\u00famero de matr\u00edcula\" value=\"\" type=\"number\" name=\"matricola\" \/><\/span>\n<\/div>\n<div class='wgl_col-4'>\n<span class=\"wpcf7-form-control-wrap\" data-name=\"modello\"><input class=\"wpcf7-form-control wpcf7-number wpcf7-validates-as-required wpcf7-validates-as-number\" aria-required=\"true\" aria-invalid=\"false\" placeholder=\"Modelo de maquinaria\" value=\"\" type=\"number\" name=\"modello\" \/><\/span>\n<\/div>\n<div class='wgl_col-4'>\n<span class=\"wpcf7-form-control-wrap\" data-name=\"codice\"><input class=\"wpcf7-form-control wpcf7-number wpcf7-validates-as-required wpcf7-validates-as-number\" aria-required=\"true\" aria-invalid=\"false\" placeholder=\"C\u00f3digo de repuesto\" value=\"\" type=\"number\" name=\"codice\" \/><\/span>\n<\/div>\n<div class='wgl_col-6'>\n<span class=\"wpcf7-form-control-wrap\" data-name=\"descrizione\"><textarea cols=\"40\" rows=\"10\" class=\"wpcf7-form-control wpcf7-textarea wpcf7-validates-as-required\" aria-required=\"true\" aria-invalid=\"false\" placeholder=\"Descripci\u00f3n del repuesto\" name=\"descrizione\"><\/textarea><\/span>\n<\/div>\n<div class='wgl_col-6'>\n<span class=\"wpcf7-form-control-wrap\" data-name=\"note\"><textarea cols=\"40\" rows=\"10\" class=\"wpcf7-form-control wpcf7-textarea\" aria-invalid=\"false\" placeholder=\"Notas\" name=\"note\"><\/textarea><\/span>\n<\/div>\n<div class='wgl_col-12'>\n<label>Carga Imagen\n<span class=\"wpcf7-form-control-wrap\" data-name=\"immagine\"><input size=\"40\" class=\"wpcf7-form-control wpcf7-file\" accept=\"audio\/*,video\/*,image\/*\" aria-invalid=\"false\" type=\"file\" name=\"immagine\" \/><\/span><\/label>\n<div class=\"privacy-block\">\n<strong>Condiciones y t\u00e9rminos de uso del servicio<\/strong><br>\n<a data-extera-gdpr=\"GDPR-trattamento\">Tratamiento de datos personales conforme al Decreto Legislativo n. 196\/03 y GDPR 679\/2016 y la normativa aplicable<\/a>\n<br>\nCon el previo consentimiento del Usuario, MF Packaging S.R.L. proporcionar\u00e1, de manera gratuita y a solicitud expresa del Usuario, una serie de informaciones (por correo electr\u00f3nico) relacionadas con el tema indicado por el Usuario.<br>\n<div class='check'><span class=\"wpcf7-form-control-wrap\" data-name=\"privacy_policy_a\"><span class=\"wpcf7-form-control wpcf7-acceptance\"><span class=\"wpcf7-list-item\"><input type=\"checkbox\" name=\"privacy_policy_a\" value=\"1\" aria-invalid=\"false\" \/><\/span><\/span><\/span> Acepto <\/div><br> \n<\/div>\n<\/div>\n<br>\n<div class='wgl_col-12'>\n<div class=\"wgl-button-cf7\">\n<input class=\"wpcf7-form-control wpcf7-submit has-spinner\" type=\"submit\" value=\"Enviar\" \/>\n<i class=\"flaticon flaticon-right\"><\/i>\n<\/div>\n<\/div>\n<\/div><div class=\"wpcf7-response-output\" aria-hidden=\"true\"><\/div>\n<\/form>\n<\/div>\n<\/div>\t\t<\/div>\n\t\t\t\t<\/div>\n\t\t\t\t\t<\/div>\n\t\t<\/div>\n\t\t\t\t\t\t\t<\/div>\n\t\t<\/section>\n\t\t\t\t\t\t\t<\/div>\n\t\t","protected":false},"excerpt":{"rendered":"<p>Solicitud de repuestos Solicitud de Repuestos M\u00e1quinas Envasadoras Rellena el formulario para solicitar un presupuesto de repuestos para las M\u00e1quinas Envasadoras MF PACKAGING. Carica Immagine Condiciones y t\u00e9rminos de uso del servicio Tratamiento de datos personales de acuerdo con el Decreto Legislativo n.\u00ba 196\/03 y el GDPR 679\/2016 y la normativa aplicable. Con el previo [&hellip;]<\/p>\n","protected":false},"author":1,"featured_media":0,"parent":0,"menu_order":0,"comment_status":"closed","ping_status":"closed","template":"","meta":{"footnotes":""},"yoast_head":"<!-- This site is optimized with the Yoast SEO plugin v22.0 - https:\/\/yoast.com\/wordpress\/plugins\/seo\/ -->\n<title>Solicitud de repuestos - MF Packaging Machines<\/title>\n<meta name=\"description\" content=\"Rellena el formulario para solicitar un presupuesto de repuestos para las M\u00e1quinas Envasadoras MF PACKAGING.\" \/>\n<meta name=\"robots\" content=\"index, follow, max-snippet:-1, max-image-preview:large, max-video-preview:-1\" \/>\n<link rel=\"canonical\" href=\"https:\/\/www.mfpackaging.it\/es\/solicitud-de-repuestos\/\" \/>\n<meta property=\"og:locale\" content=\"es_ES\" \/>\n<meta property=\"og:type\" content=\"article\" \/>\n<meta property=\"og:title\" content=\"Solicitud de repuestos - MF Packaging Machines\" \/>\n<meta property=\"og:description\" content=\"Rellena el formulario para solicitar un presupuesto de repuestos para las M\u00e1quinas Envasadoras MF PACKAGING.\" \/>\n<meta property=\"og:url\" content=\"https:\/\/www.mfpackaging.it\/es\/solicitud-de-repuestos\/\" \/>\n<meta property=\"og:site_name\" content=\"MF Packaging Machines\" \/>\n<meta property=\"article:modified_time\" content=\"2024-09-06T10:08:34+00:00\" \/>\n<meta name=\"twitter:card\" content=\"summary_large_image\" \/>\n<meta name=\"twitter:label1\" content=\"Tiempo de lectura\" \/>\n\t<meta name=\"twitter:data1\" content=\"1 minuto\" \/>\n<script type=\"application\/ld+json\" class=\"yoast-schema-graph\">{\"@context\":\"https:\/\/schema.org\",\"@graph\":[{\"@type\":\"WebPage\",\"@id\":\"https:\/\/www.mfpackaging.it\/es\/solicitud-de-repuestos\/\",\"url\":\"https:\/\/www.mfpackaging.it\/es\/solicitud-de-repuestos\/\",\"name\":\"Solicitud de repuestos - MF Packaging Machines\",\"isPartOf\":{\"@id\":\"https:\/\/www.mfpackaging.it\/#website\"},\"datePublished\":\"2023-12-04T11:55:13+00:00\",\"dateModified\":\"2024-09-06T10:08:34+00:00\",\"description\":\"Rellena el formulario para solicitar un presupuesto de repuestos para las M\u00e1quinas Envasadoras MF PACKAGING.\",\"breadcrumb\":{\"@id\":\"https:\/\/www.mfpackaging.it\/es\/solicitud-de-repuestos\/#breadcrumb\"},\"inLanguage\":\"es\",\"potentialAction\":[{\"@type\":\"ReadAction\",\"target\":[\"https:\/\/www.mfpackaging.it\/es\/solicitud-de-repuestos\/\"]}]},{\"@type\":\"BreadcrumbList\",\"@id\":\"https:\/\/www.mfpackaging.it\/es\/solicitud-de-repuestos\/#breadcrumb\",\"itemListElement\":[{\"@type\":\"ListItem\",\"position\":1,\"name\":\"Home\",\"item\":\"https:\/\/www.mfpackaging.it\/es\/\"},{\"@type\":\"ListItem\",\"position\":2,\"name\":\"Solicitud de repuestos\"}]},{\"@type\":\"WebSite\",\"@id\":\"https:\/\/www.mfpackaging.it\/#website\",\"url\":\"https:\/\/www.mfpackaging.it\/\",\"name\":\"MF Packaging Machine\",\"description\":\"Let&#039;s pack your business\",\"potentialAction\":[{\"@type\":\"SearchAction\",\"target\":{\"@type\":\"EntryPoint\",\"urlTemplate\":\"https:\/\/www.mfpackaging.it\/?s={search_term_string}\"},\"query-input\":\"required name=search_term_string\"}],\"inLanguage\":\"es\"}]}<\/script>\n<!-- \/ Yoast SEO plugin. -->","yoast_head_json":{"title":"Solicitud de repuestos - MF Packaging Machines","description":"Rellena el formulario para solicitar un presupuesto de repuestos para las M\u00e1quinas Envasadoras MF PACKAGING.","robots":{"index":"index","follow":"follow","max-snippet":"max-snippet:-1","max-image-preview":"max-image-preview:large","max-video-preview":"max-video-preview:-1"},"canonical":"https:\/\/www.mfpackaging.it\/es\/solicitud-de-repuestos\/","og_locale":"es_ES","og_type":"article","og_title":"Solicitud de repuestos - MF Packaging Machines","og_description":"Rellena el formulario para solicitar un presupuesto de repuestos para las M\u00e1quinas Envasadoras MF PACKAGING.","og_url":"https:\/\/www.mfpackaging.it\/es\/solicitud-de-repuestos\/","og_site_name":"MF Packaging Machines","article_modified_time":"2024-09-06T10:08:34+00:00","twitter_card":"summary_large_image","twitter_misc":{"Tiempo de lectura":"1 minuto"},"schema":{"@context":"https:\/\/schema.org","@graph":[{"@type":"WebPage","@id":"https:\/\/www.mfpackaging.it\/es\/solicitud-de-repuestos\/","url":"https:\/\/www.mfpackaging.it\/es\/solicitud-de-repuestos\/","name":"Solicitud de repuestos - MF Packaging Machines","isPartOf":{"@id":"https:\/\/www.mfpackaging.it\/#website"},"datePublished":"2023-12-04T11:55:13+00:00","dateModified":"2024-09-06T10:08:34+00:00","description":"Rellena el formulario para solicitar un presupuesto de repuestos para las M\u00e1quinas Envasadoras MF PACKAGING.","breadcrumb":{"@id":"https:\/\/www.mfpackaging.it\/es\/solicitud-de-repuestos\/#breadcrumb"},"inLanguage":"es","potentialAction":[{"@type":"ReadAction","target":["https:\/\/www.mfpackaging.it\/es\/solicitud-de-repuestos\/"]}]},{"@type":"BreadcrumbList","@id":"https:\/\/www.mfpackaging.it\/es\/solicitud-de-repuestos\/#breadcrumb","itemListElement":[{"@type":"ListItem","position":1,"name":"Home","item":"https:\/\/www.mfpackaging.it\/es\/"},{"@type":"ListItem","position":2,"name":"Solicitud de repuestos"}]},{"@type":"WebSite","@id":"https:\/\/www.mfpackaging.it\/#website","url":"https:\/\/www.mfpackaging.it\/","name":"MF Packaging Machine","description":"Let&#039;s pack your business","potentialAction":[{"@type":"SearchAction","target":{"@type":"EntryPoint","urlTemplate":"https:\/\/www.mfpackaging.it\/?s={search_term_string}"},"query-input":"required name=search_term_string"}],"inLanguage":"es"}]}},"featured_image_src":null,"featured_image_src_square":null,"_links":{"self":[{"href":"https:\/\/www.mfpackaging.it\/es\/wp-json\/wp\/v2\/pages\/6068"}],"collection":[{"href":"https:\/\/www.mfpackaging.it\/es\/wp-json\/wp\/v2\/pages"}],"about":[{"href":"https:\/\/www.mfpackaging.it\/es\/wp-json\/wp\/v2\/types\/page"}],"author":[{"embeddable":true,"href":"https:\/\/www.mfpackaging.it\/es\/wp-json\/wp\/v2\/users\/1"}],"replies":[{"embeddable":true,"href":"https:\/\/www.mfpackaging.it\/es\/wp-json\/wp\/v2\/comments?post=6068"}],"version-history":[{"count":0,"href":"https:\/\/www.mfpackaging.it\/es\/wp-json\/wp\/v2\/pages\/6068\/revisions"}],"wp:attachment":[{"href":"https:\/\/www.mfpackaging.it\/es\/wp-json\/wp\/v2\/media?parent=6068"}],"curies":[{"name":"wp","href":"https:\/\/api.w.org\/{rel}","templated":true}]}}