{"id":6071,"date":"2023-12-05T11:37:59","date_gmt":"2023-12-05T11:37:59","guid":{"rendered":"https:\/\/www.mfpackaging.it\/download\/"},"modified":"2024-08-08T14:12:56","modified_gmt":"2024-08-08T14:12:56","slug":"download","status":"publish","type":"page","link":"https:\/\/www.mfpackaging.it\/es\/download\/","title":{"rendered":"Download"},"content":{"rendered":"\t\t<div data-elementor-type=\"wp-page\" data-elementor-id=\"6071\" class=\"elementor elementor-6071 elementor-4620\">\n\t\t\t\t\t\t\t\t\t<section class=\"elementor-section elementor-top-section elementor-element elementor-element-4f87c04c elementor-section-boxed elementor-section-height-default elementor-section-height-default\" data-id=\"4f87c04c\" data-element_type=\"section\">\n\t\t\t\t\t\t<div class=\"elementor-container elementor-column-gap-default\">\n\t\t\t\t\t<div class=\"elementor-column elementor-col-100 elementor-top-column elementor-element elementor-element-17ed2fb9\" data-id=\"17ed2fb9\" data-element_type=\"column\">\n\t\t\t<div class=\"elementor-widget-wrap elementor-element-populated\">\n\t\t\t\t\t\t\t\t<div class=\"elementor-element elementor-element-31b7c297 aleft elementor-widget elementor-widget-wgl-double-heading\" data-id=\"31b7c297\" data-element_type=\"widget\" data-widget_type=\"wgl-double-heading.default\">\n\t\t\t\t<div class=\"elementor-widget-container\">\n\t\t\t<div class=\"wgl-double-heading\"><div class=\"dblh__wrapper\"><h3 class=\"dblh__title-wrapper\"><span class=\"dblh__title dblh__title-1\">descargar cat\u00e1logos<\/span><\/h3><\/div><\/div>\t\t<\/div>\n\t\t\t\t<\/div>\n\t\t\t\t\t<\/div>\n\t\t<\/div>\n\t\t\t\t\t\t\t<\/div>\n\t\t<\/section>\n\t\t\t\t<section class=\"elementor-section elementor-top-section elementor-element elementor-element-20caaa47 elementor-section-boxed elementor-section-height-default elementor-section-height-default\" data-id=\"20caaa47\" data-element_type=\"section\">\n\t\t\t\t\t\t<div class=\"elementor-container elementor-column-gap-default\">\n\t\t\t\t\t<div class=\"elementor-column elementor-col-100 elementor-top-column elementor-element elementor-element-1d27ffb0\" data-id=\"1d27ffb0\" data-element_type=\"column\">\n\t\t\t<div class=\"elementor-widget-wrap elementor-element-populated\">\n\t\t\t\t\t\t\t\t<div class=\"elementor-element elementor-element-10873d93 elementor-widget elementor-widget-spacer\" data-id=\"10873d93\" data-element_type=\"widget\" data-widget_type=\"spacer.default\">\n\t\t\t\t<div class=\"elementor-widget-container\">\n\t\t\t\t\t<div class=\"elementor-spacer\">\n\t\t\t<div class=\"elementor-spacer-inner\"><\/div>\n\t\t<\/div>\n\t\t\t\t<\/div>\n\t\t\t\t<\/div>\n\t\t\t\t<div class=\"elementor-element elementor-element-190674a4 elementor-widget elementor-widget-text-editor\" data-id=\"190674a4\" data-element_type=\"widget\" data-widget_type=\"text-editor.default\">\n\t\t\t\t<div class=\"elementor-widget-container\">\n\t\t\t\t\t\t\t<p>Hemos recopilado los cat\u00e1logos de las <strong>M\u00e1quinas Envasadoras MF PACKAGING<\/strong> para la descarga de los usuarios.<\/p>\t\t\t\t\t\t<\/div>\n\t\t\t\t<\/div>\n\t\t\t\t\t<\/div>\n\t\t<\/div>\n\t\t\t\t\t\t\t<\/div>\n\t\t<\/section>\n\t\t\t\t<section class=\"elementor-section elementor-top-section elementor-element elementor-element-50781995 elementor-section-boxed elementor-section-height-default elementor-section-height-default\" data-id=\"50781995\" data-element_type=\"section\">\n\t\t\t\t\t\t<div class=\"elementor-container elementor-column-gap-default\">\n\t\t\t\t\t<div class=\"elementor-column elementor-col-33 elementor-top-column elementor-element elementor-element-7bb548d\" data-id=\"7bb548d\" data-element_type=\"column\">\n\t\t\t<div class=\"elementor-widget-wrap elementor-element-populated\">\n\t\t\t\t\t\t\t\t<div class=\"elementor-element elementor-element-b28211e elementor-widget-icon-box wgl-icon-box elementor-widget-icon-box wgl-icon-box elementor-widget elementor-widget-wgl-flipbox\" data-id=\"b28211e\" data-element_type=\"widget\" data-widget_type=\"wgl-flipbox.default\">\n\t\t\t\t<div class=\"elementor-widget-container\">\n\t\t\t<div class=\"wgl-flipbox type_flip_right\"><div class=\"wgl-flipbox_wrap\"><div class=\"wgl-flipbox_front\"><div class=\"wgl-flipbox_title\"><span>La Mille<\/span><\/div><div class=\"wgl-flipbox_content\"><p>IT\/EN\/FR\/ES\/DE<\/p><\/div><\/div><div class=\"wgl-flipbox_back\"><div class=\"wgl-flipbox_title\"><span>Download<\/span><\/div><\/div><\/div><a class=\"wgl-flipbox_item-link\" href=\"https:\/\/www.mfpackaging.it\/wp-content\/uploads\/2023\/12\/MF_G_FLD_LA-MILLE_047_V3.pdf\" target=\"_blank\"><\/a><\/div>\t\t<\/div>\n\t\t\t\t<\/div>\n\t\t\t\t\t<\/div>\n\t\t<\/div>\n\t\t\t\t<div class=\"elementor-column elementor-col-33 elementor-top-column elementor-element elementor-element-a456098\" data-id=\"a456098\" data-element_type=\"column\">\n\t\t\t<div class=\"elementor-widget-wrap elementor-element-populated\">\n\t\t\t\t\t\t\t\t<div class=\"elementor-element elementor-element-47ab7a6 elementor-widget-icon-box wgl-icon-box elementor-widget-icon-box wgl-icon-box elementor-widget elementor-widget-wgl-flipbox\" data-id=\"47ab7a6\" data-element_type=\"widget\" data-widget_type=\"wgl-flipbox.default\">\n\t\t\t\t<div class=\"elementor-widget-container\">\n\t\t\t<div class=\"wgl-flipbox type_flip_right\"><div class=\"wgl-flipbox_wrap\"><div class=\"wgl-flipbox_front\"><div class=\"wgl-flipbox_title\"><span>4 Sellados<\/span><\/div><div class=\"wgl-flipbox_content\"><p>IT\/EN\/FR\/ES\/DE<\/p><\/div><\/div><div class=\"wgl-flipbox_back\"><div class=\"wgl-flipbox_title\"><span>Download<\/span><\/div><\/div><\/div><a class=\"wgl-flipbox_item-link\" href=\"https:\/\/www.mfpackaging.it\/wp-content\/uploads\/2023\/12\/MF_G_FLD_4S_047_V3_WEB.pdf\" target=\"_blank\"><\/a><\/div>\t\t<\/div>\n\t\t\t\t<\/div>\n\t\t\t\t\t<\/div>\n\t\t<\/div>\n\t\t\t\t<div class=\"elementor-column elementor-col-33 elementor-top-column elementor-element elementor-element-f7a1a65\" data-id=\"f7a1a65\" data-element_type=\"column\">\n\t\t\t<div class=\"elementor-widget-wrap elementor-element-populated\">\n\t\t\t\t\t\t\t\t<div class=\"elementor-element elementor-element-9241ddf elementor-widget-icon-box wgl-icon-box elementor-widget-icon-box wgl-icon-box elementor-widget elementor-widget-wgl-flipbox\" data-id=\"9241ddf\" data-element_type=\"widget\" data-widget_type=\"wgl-flipbox.default\">\n\t\t\t\t<div class=\"elementor-widget-container\">\n\t\t\t<div class=\"wgl-flipbox type_flip_right\"><div class=\"wgl-flipbox_wrap\"><div class=\"wgl-flipbox_front\"><div class=\"wgl-flipbox_title\"><span>Stick<\/span><\/div><div class=\"wgl-flipbox_content\"><p>IT\/EN\/FR\/ES\/DE<\/p><\/div><\/div><div class=\"wgl-flipbox_back\"><div class=\"wgl-flipbox_title\"><span>Download<\/span><\/div><\/div><\/div><a class=\"wgl-flipbox_item-link\" href=\"https:\/\/www.mfpackaging.it\/wp-content\/uploads\/2023\/12\/MF_G_FLD_STICK_047_V3-1.pdf\" target=\"_blank\"><\/a><\/div>\t\t<\/div>\n\t\t\t\t<\/div>\n\t\t\t\t\t<\/div>\n\t\t<\/div>\n\t\t\t\t\t\t\t<\/div>\n\t\t<\/section>\n\t\t\t\t\t\t\t<\/div>\n\t\t","protected":false},"excerpt":{"rendered":"<p>descargar cat\u00e1logos Hemos recopilado los cat\u00e1logos de las M\u00e1quinas Envasadoras MF PACKAGING para la descarga de los usuarios. La Mille IT\/EN\/FR\/ES\/DE Download 4 Sellados IT\/EN\/FR\/ES\/DE Download Stick IT\/EN\/FR\/ES\/DE Download<\/p>\n","protected":false},"author":1,"featured_media":0,"parent":0,"menu_order":0,"comment_status":"closed","ping_status":"closed","template":"","meta":{"footnotes":""},"yoast_head":"<!-- This site is optimized with the Yoast SEO plugin v22.0 - https:\/\/yoast.com\/wordpress\/plugins\/seo\/ -->\n<title>Download - MF Packaging Machines<\/title>\n<meta name=\"robots\" content=\"index, follow, max-snippet:-1, max-image-preview:large, max-video-preview:-1\" \/>\n<link rel=\"canonical\" href=\"https:\/\/www.mfpackaging.it\/es\/download\/\" \/>\n<meta property=\"og:locale\" content=\"es_ES\" \/>\n<meta property=\"og:type\" content=\"article\" \/>\n<meta property=\"og:title\" content=\"Download - MF Packaging Machines\" \/>\n<meta property=\"og:description\" content=\"descargar cat\u00e1logos Hemos recopilado los cat\u00e1logos de las M\u00e1quinas Envasadoras MF PACKAGING para la descarga de los usuarios. La Mille IT\/EN\/FR\/ES\/DE Download 4 Sellados IT\/EN\/FR\/ES\/DE Download Stick IT\/EN\/FR\/ES\/DE Download\" \/>\n<meta property=\"og:url\" content=\"https:\/\/www.mfpackaging.it\/es\/download\/\" \/>\n<meta property=\"og:site_name\" content=\"MF Packaging Machines\" \/>\n<meta property=\"article:modified_time\" content=\"2024-08-08T14:12:56+00:00\" \/>\n<meta name=\"twitter:card\" content=\"summary_large_image\" \/>\n<meta name=\"twitter:label1\" content=\"Tiempo de lectura\" \/>\n\t<meta name=\"twitter:data1\" content=\"1 minuto\" \/>\n<script type=\"application\/ld+json\" class=\"yoast-schema-graph\">{\"@context\":\"https:\/\/schema.org\",\"@graph\":[{\"@type\":\"WebPage\",\"@id\":\"https:\/\/www.mfpackaging.it\/es\/download\/\",\"url\":\"https:\/\/www.mfpackaging.it\/es\/download\/\",\"name\":\"Download - MF Packaging Machines\",\"isPartOf\":{\"@id\":\"https:\/\/www.mfpackaging.it\/#website\"},\"datePublished\":\"2023-12-05T11:37:59+00:00\",\"dateModified\":\"2024-08-08T14:12:56+00:00\",\"breadcrumb\":{\"@id\":\"https:\/\/www.mfpackaging.it\/es\/download\/#breadcrumb\"},\"inLanguage\":\"es\",\"potentialAction\":[{\"@type\":\"ReadAction\",\"target\":[\"https:\/\/www.mfpackaging.it\/es\/download\/\"]}]},{\"@type\":\"BreadcrumbList\",\"@id\":\"https:\/\/www.mfpackaging.it\/es\/download\/#breadcrumb\",\"itemListElement\":[{\"@type\":\"ListItem\",\"position\":1,\"name\":\"Home\",\"item\":\"https:\/\/www.mfpackaging.it\/es\/\"},{\"@type\":\"ListItem\",\"position\":2,\"name\":\"Download\"}]},{\"@type\":\"WebSite\",\"@id\":\"https:\/\/www.mfpackaging.it\/#website\",\"url\":\"https:\/\/www.mfpackaging.it\/\",\"name\":\"MF Packaging Machine\",\"description\":\"Let&#039;s pack your business\",\"potentialAction\":[{\"@type\":\"SearchAction\",\"target\":{\"@type\":\"EntryPoint\",\"urlTemplate\":\"https:\/\/www.mfpackaging.it\/?s={search_term_string}\"},\"query-input\":\"required name=search_term_string\"}],\"inLanguage\":\"es\"}]}<\/script>\n<!-- \/ Yoast SEO plugin. -->","yoast_head_json":{"title":"Download - MF Packaging Machines","robots":{"index":"index","follow":"follow","max-snippet":"max-snippet:-1","max-image-preview":"max-image-preview:large","max-video-preview":"max-video-preview:-1"},"canonical":"https:\/\/www.mfpackaging.it\/es\/download\/","og_locale":"es_ES","og_type":"article","og_title":"Download - MF Packaging Machines","og_description":"descargar cat\u00e1logos Hemos recopilado los cat\u00e1logos de las M\u00e1quinas Envasadoras MF PACKAGING para la descarga de los usuarios. La Mille IT\/EN\/FR\/ES\/DE Download 4 Sellados IT\/EN\/FR\/ES\/DE Download Stick IT\/EN\/FR\/ES\/DE Download","og_url":"https:\/\/www.mfpackaging.it\/es\/download\/","og_site_name":"MF Packaging Machines","article_modified_time":"2024-08-08T14:12:56+00:00","twitter_card":"summary_large_image","twitter_misc":{"Tiempo de lectura":"1 minuto"},"schema":{"@context":"https:\/\/schema.org","@graph":[{"@type":"WebPage","@id":"https:\/\/www.mfpackaging.it\/es\/download\/","url":"https:\/\/www.mfpackaging.it\/es\/download\/","name":"Download - MF Packaging Machines","isPartOf":{"@id":"https:\/\/www.mfpackaging.it\/#website"},"datePublished":"2023-12-05T11:37:59+00:00","dateModified":"2024-08-08T14:12:56+00:00","breadcrumb":{"@id":"https:\/\/www.mfpackaging.it\/es\/download\/#breadcrumb"},"inLanguage":"es","potentialAction":[{"@type":"ReadAction","target":["https:\/\/www.mfpackaging.it\/es\/download\/"]}]},{"@type":"BreadcrumbList","@id":"https:\/\/www.mfpackaging.it\/es\/download\/#breadcrumb","itemListElement":[{"@type":"ListItem","position":1,"name":"Home","item":"https:\/\/www.mfpackaging.it\/es\/"},{"@type":"ListItem","position":2,"name":"Download"}]},{"@type":"WebSite","@id":"https:\/\/www.mfpackaging.it\/#website","url":"https:\/\/www.mfpackaging.it\/","name":"MF Packaging Machine","description":"Let&#039;s pack your business","potentialAction":[{"@type":"SearchAction","target":{"@type":"EntryPoint","urlTemplate":"https:\/\/www.mfpackaging.it\/?s={search_term_string}"},"query-input":"required name=search_term_string"}],"inLanguage":"es"}]}},"featured_image_src":null,"featured_image_src_square":null,"_links":{"self":[{"href":"https:\/\/www.mfpackaging.it\/es\/wp-json\/wp\/v2\/pages\/6071"}],"collection":[{"href":"https:\/\/www.mfpackaging.it\/es\/wp-json\/wp\/v2\/pages"}],"about":[{"href":"https:\/\/www.mfpackaging.it\/es\/wp-json\/wp\/v2\/types\/page"}],"author":[{"embeddable":true,"href":"https:\/\/www.mfpackaging.it\/es\/wp-json\/wp\/v2\/users\/1"}],"replies":[{"embeddable":true,"href":"https:\/\/www.mfpackaging.it\/es\/wp-json\/wp\/v2\/comments?post=6071"}],"version-history":[{"count":0,"href":"https:\/\/www.mfpackaging.it\/es\/wp-json\/wp\/v2\/pages\/6071\/revisions"}],"wp:attachment":[{"href":"https:\/\/www.mfpackaging.it\/es\/wp-json\/wp\/v2\/media?parent=6071"}],"curies":[{"name":"wp","href":"https:\/\/api.w.org\/{rel}","templated":true}]}}