{"id":6075,"date":"2023-12-04T10:23:47","date_gmt":"2023-12-04T10:23:47","guid":{"rendered":"https:\/\/www.mfpackaging.it\/servizio-clienti\/"},"modified":"2024-10-07T09:50:43","modified_gmt":"2024-10-07T09:50:43","slug":"area-de-cliente","status":"publish","type":"page","link":"https:\/\/www.mfpackaging.it\/es\/area-de-cliente\/","title":{"rendered":"Area de cliente"},"content":{"rendered":"\t\t<div data-elementor-type=\"wp-page\" data-elementor-id=\"6075\" class=\"elementor elementor-6075 elementor-4563\">\n\t\t\t\t\t\t\t<div class=\"elementor-element elementor-element-2c1c10f3 e-con-full e-flex e-con e-parent\" data-id=\"2c1c10f3\" data-element_type=\"container\" data-settings=\"{&quot;content_width&quot;:&quot;full&quot;,&quot;background_background&quot;:&quot;classic&quot;}\" data-core-v316-plus=\"true\">\n\t\t\t\t<div class=\"elementor-element elementor-element-1f9000c0 elementor-widget elementor-widget-heading\" data-id=\"1f9000c0\" data-element_type=\"widget\" data-widget_type=\"heading.default\">\n\t\t\t\t<div class=\"elementor-widget-container\">\n\t\t\t<h2 class=\"elementor-heading-title elementor-size-default\">Atenci\u00f3n al cliente <br>y servicio post-venta\n<\/h2>\t\t<\/div>\n\t\t\t\t<\/div>\n\t\t\t\t<div class=\"elementor-element elementor-element-b292c0a elementor-widget elementor-widget-spacer\" data-id=\"b292c0a\" data-element_type=\"widget\" data-widget_type=\"spacer.default\">\n\t\t\t\t<div class=\"elementor-widget-container\">\n\t\t\t\t\t<div class=\"elementor-spacer\">\n\t\t\t<div class=\"elementor-spacer-inner\"><\/div>\n\t\t<\/div>\n\t\t\t\t<\/div>\n\t\t\t\t<\/div>\n\t\t\t\t<\/div>\n\t\t\t\t<section class=\"elementor-section elementor-top-section elementor-element elementor-element-6e30575 elementor-section-boxed elementor-section-height-default elementor-section-height-default\" data-id=\"6e30575\" data-element_type=\"section\">\n\t\t\t\t\t\t<div class=\"elementor-container elementor-column-gap-default\">\n\t\t\t\t\t<div class=\"elementor-column elementor-col-100 elementor-top-column elementor-element elementor-element-06c51d1 sticky-sidebar\" data-id=\"06c51d1\" data-element_type=\"column\">\n\t\t\t<div class=\"elementor-widget-wrap elementor-element-populated\">\n\t\t\t\t\t\t\t\t<div class=\"elementor-element elementor-element-2428dc3 aleft elementor-widget elementor-widget-wgl-double-heading\" data-id=\"2428dc3\" data-element_type=\"widget\" data-widget_type=\"wgl-double-heading.default\">\n\t\t\t\t<div class=\"elementor-widget-container\">\n\t\t\t<div class=\"wgl-double-heading\"><div class=\"dblh__wrapper\"><h3 class=\"dblh__title-wrapper\"><span class=\"dblh__title dblh__title-1\">MF PACKAGING ofrece <\/span><span class=\"dblh__title dblh__title-2\">asistencia y soporte<\/span><span class=\"dblh__title dblh__title-3\"> a sus clientes durante el servicio de <em>venta y posventa<\/em>, para garantizar calidad y profesionalidad, en nombre de la tradici\u00f3n de la empresa.\n<\/span><\/h3><\/div><\/div>\t\t<\/div>\n\t\t\t\t<\/div>\n\t\t\t\t<div class=\"elementor-element elementor-element-6fde60f aleft elementor-widget-icon-box wgl-icon-box elementor-widget elementor-widget-wgl-button\" data-id=\"6fde60f\" data-element_type=\"widget\" data-widget_type=\"wgl-button.default\">\n\t\t\t\t<div class=\"elementor-widget-container\">\n\t\t\t<a class=\"wgl-button btn-size-lg \" role=\"button\" href=\"https:\/\/www.mfpackaging.it\/es\/area-de-cliente\/#assistenza\"><div class=\"button__content align-icon-left\"><div class=\"media-wrapper icon-wrapper\"><span class=\"wgl-icon\" ><i class=\"icon elementor-icon flaticon-right\" aria-hidden=\"true\"><\/i><\/span><\/div><span class=\"button__text\">Solicitar informaci\u00f3n<\/span><\/div><\/a>\t\t<\/div>\n\t\t\t\t<\/div>\n\t\t\t\t\t<\/div>\n\t\t<\/div>\n\t\t\t\t\t\t\t<\/div>\n\t\t<\/section>\n\t\t\t\t<section class=\"elementor-section elementor-top-section elementor-element elementor-element-4b5011c0 elementor-section-boxed elementor-section-height-default elementor-section-height-default\" data-id=\"4b5011c0\" data-element_type=\"section\">\n\t\t\t\t\t\t<div class=\"elementor-container elementor-column-gap-default\">\n\t\t\t\t\t<div class=\"elementor-column elementor-col-100 elementor-top-column elementor-element elementor-element-11586b4\" data-id=\"11586b4\" data-element_type=\"column\">\n\t\t\t<div class=\"elementor-widget-wrap elementor-element-populated\">\n\t\t\t\t\t\t\t\t<div class=\"elementor-element elementor-element-175173b elementor-widget elementor-widget-spacer\" data-id=\"175173b\" data-element_type=\"widget\" data-widget_type=\"spacer.default\">\n\t\t\t\t<div class=\"elementor-widget-container\">\n\t\t\t\t\t<div class=\"elementor-spacer\">\n\t\t\t<div class=\"elementor-spacer-inner\"><\/div>\n\t\t<\/div>\n\t\t\t\t<\/div>\n\t\t\t\t<\/div>\n\t\t\t\t<div class=\"elementor-element elementor-element-3eb2860c elementor-widget elementor-widget-spacer\" data-id=\"3eb2860c\" data-element_type=\"widget\" data-widget_type=\"spacer.default\">\n\t\t\t\t<div class=\"elementor-widget-container\">\n\t\t\t\t\t<div class=\"elementor-spacer\">\n\t\t\t<div class=\"elementor-spacer-inner\"><\/div>\n\t\t<\/div>\n\t\t\t\t<\/div>\n\t\t\t\t<\/div>\n\t\t\t\t<div class=\"elementor-element elementor-element-18ee0d20 elementor-widget elementor-widget-wgl-tabs\" data-id=\"18ee0d20\" data-element_type=\"widget\" data-widget_type=\"wgl-tabs.default\">\n\t\t\t\t<div class=\"elementor-widget-container\">\n\t\t\t        <div class=\"wgl-tabs wgl-tabs_swiper-wrapper tabs_align-justify   icon_position-top     \">\n            <div class=\"wgl-tabs_headings-wrap\">\n                <div class=\"wgl-tabs_headings swiper-wrapper\">                    <div data-tab-id=\"wgl-tab_4181\" class=\"wgl-tabs_header swiper-slide\">\n                    <span class=\"wgl-tabs_title\">Consulta <br>Inicial<\/span>\n\n                    <span class=\"wgl-tabs_icon\"><i aria-hidden=\"true\" class=\"fas fa-headphones-alt\"><\/i><\/span>\n                <\/div>\n\n                                    <div data-tab-id=\"wgl-tab_4182\" class=\"wgl-tabs_header swiper-slide\">\n                    <span class=\"wgl-tabs_title\">Control <br>de calidad<\/span>\n\n                    <span class=\"wgl-tabs_icon\"><i aria-hidden=\"true\" class=\"fas fa-check-circle\"><\/i><\/span>\n                <\/div>\n\n                                    <div data-tab-id=\"wgl-tab_4183\" class=\"wgl-tabs_header swiper-slide\">\n                    <span class=\"wgl-tabs_title\">Gesti\u00f3n <br>de projecto<\/span>\n\n                    <span class=\"wgl-tabs_icon\"><i aria-hidden=\"true\" class=\"fas fa-project-diagram\"><\/i><\/span>\n                <\/div>\n\n                                    <div data-tab-id=\"wgl-tab_4184\" class=\"wgl-tabs_header swiper-slide\">\n                    <span class=\"wgl-tabs_title\">Tecnolog\u00eda hecha <br>a medida<\/span>\n\n                    <span class=\"wgl-tabs_icon\"><i aria-hidden=\"true\" class=\"fas fa-box-open\"><\/i><\/span>\n                <\/div>\n\n                                    <div data-tab-id=\"wgl-tab_4185\" class=\"wgl-tabs_header swiper-slide\">\n                    <span class=\"wgl-tabs_title\">Assitencia <br>postventa<\/span>\n\n                    <span class=\"wgl-tabs_icon\"><i aria-hidden=\"true\" class=\"fas fa-people-carry\"><\/i><\/span>\n                <\/div>\n\n                            <\/div>\n        <\/div>\n\n        <div class=\"wgl-tabs_content-wrap\">                <div data-tab-id=\"wgl-tab_4181\" class=\"wgl-tabs_content\">\n                    MF PACKAGING garantiza asistencia y soporte a sus clientes, asegurando la m\u00e1xima calidad y profesionalidad desde la fase inicial de asesoramiento:\n<ul class=\"itconf_dot list_primary_color\">\n    <li>Soluciones personalizadas para cada proyecto<\/li>\n    <li>An\u00e1lisis de viabilidad y consultor\u00eda t\u00e9cnica especializada<\/li>\n    <li>Simulaciones 3D para la creaci\u00f3n de prototipos<\/li>\n    <li>Soluciones personalizadas para cada proyecto<\/li>\n    <li>Departamento de investigaci\u00f3n y desarrollo para garantizar soluciones eficientes e innovadoras<\/li>\n    <li>Asesoramiento para la elecci\u00f3n del material de embalaje<\/li>\n    <li>Prueba de producto personalizada<\/li>\n    <li>Estudio y asesoramiento para la implantaci\u00f3n de nuestra maquinaria en las f\u00e1bricas de destino (tanto de producci\u00f3n existente como de nueva producci\u00f3n)<\/li>\n<\/ul>                <\/div>\n\n                            <div data-tab-id=\"wgl-tab_4182\" class=\"wgl-tabs_content\">\n                    El personal de ventas ayuda a los clientes a elegir las m\u00e1quinas y l\u00edneas completas de envasado que mejor se adaptan a sus necesidades, proporciona informaci\u00f3n completa y \u00fatil sobre los productos y la tecnolog\u00eda utilizada y prepara dise\u00f1os de planta personalizados. Los procedimientos internos de producci\u00f3n incluyen:\n<ul class=\"itconf_dot list_primary_color\">\n    <li>Control de calidad en cada componente instalado<\/li>\n    <li>Departamento de planificaci\u00f3n para un control total del plan de producci\u00f3n<\/li>\n    <li>An\u00e1lisis remoto de datos de producci\u00f3n<\/li>\n    <li>Uso de materias primas codificadas para garantizar la trazabilidad de los materiales<\/li>\n    <li>Jefe de proyecto dedicado a la coordinaci\u00f3n y soporte t\u00e9cnico de cada proyecto<\/li>\n    <li>Personalizaci\u00f3n del software de gesti\u00f3n de la m\u00e1quina<\/li>\n    <li>D\u00e9cadas de experiencia a disposici\u00f3n de nuestros clientes<\/li>\n<\/ul>\n                <\/div>\n\n                            <div data-tab-id=\"wgl-tab_4183\" class=\"wgl-tabs_content\">\n                    <p><span style=\"font-weight: 400;\">Es el servicio de interfaz interna de MF Packaging para el cliente durante el desarrollo del proyecto.<\/span><\/p><p><span style=\"font-weight: 400;\">A trav\u00e9s del gestor de proyectos, el cliente puede entrar en contacto directo con nuestra empresa, durante el desarrollo del pedido, para solicitar cualquier modificaci\u00f3n del mismo o incluso para ser informado sobre el estado del proceso productivo de la m\u00e1quina.<\/span><\/p>                <\/div>\n\n                            <div data-tab-id=\"wgl-tab_4184\" class=\"wgl-tabs_content\">\n                    <p><span style=\"font-weight: 400;\">Ofrecemos soluciones personalizadas pero a\u00fan de alto rendimiento. Nuestro objetivo es satisfacer al cliente y garantizarle su tranquilidad desarrollando su idea en nuestras m\u00e1quinas.<\/span><\/p><p><span style=\"font-weight: 400;\">En otras palabras, nos comprometemos a garantizar que sus necesidades particulares se reflejen posteriormente en nuestras m\u00e1quinas.<\/span><\/p>                <\/div>\n\n                            <div data-tab-id=\"wgl-tab_4185\" class=\"wgl-tabs_content\">\n                    Los t\u00e9cnicos altamente especializados de MF garantizan un servicio postventa r\u00e1pido y eficaz, desde la instalaci\u00f3n, pasando por la fase de prueba y formaci\u00f3n, hasta la posterior fase de mantenimiento programado de acuerdo con las caracter\u00edsticas de la l\u00ednea de envasado y las necesidades del cliente:\n\n<ul class=\"itconf_dot list_primary_color\">\n    <li>Soporte t\u00e9cnico mediante intervenci\u00f3n in situ<\/li>\n    <li>Asistencia t\u00e9cnica v\u00eda Skype y remota v\u00eda Ethernet<\/li>\n    <li>Asistencia t\u00e9cnica para la instalaci\u00f3n de l\u00edneas y capacitaci\u00f3n del personal<\/li>\n    <li>Servicio de mantenimiento ordinario y extraordinario con contratos de asistencia t\u00e9cnica<\/li>\n    <li>Almac\u00e9n de repuestos con m\u00e1s de 10.000 c\u00f3digos siempre listos para su env\u00edo<\/li>\n    <li>Codificaci\u00f3n de todos los componentes para una identificaci\u00f3n inmediata e inequ\u00edvoca de las piezas de repuesto<\/li>\n<\/ul>\n                <\/div>\n\n                    <\/div>\n        <\/div><!-- .wgl-tabs -->\n        \t\t<\/div>\n\t\t\t\t<\/div>\n\t\t\t\t\t<\/div>\n\t\t<\/div>\n\t\t\t\t\t\t\t<\/div>\n\t\t<\/section>\n\t\t\t\t<section class=\"elementor-section elementor-top-section elementor-element elementor-element-660c9eab elementor-section-boxed elementor-section-height-default elementor-section-height-default\" data-id=\"660c9eab\" data-element_type=\"section\" id=\"assistenza\">\n\t\t\t\t\t\t<div class=\"elementor-container elementor-column-gap-default\">\n\t\t\t\t\t<div class=\"elementor-column elementor-col-100 elementor-top-column elementor-element elementor-element-3d8a8713\" data-id=\"3d8a8713\" data-element_type=\"column\" data-settings=\"{&quot;background_background&quot;:&quot;classic&quot;}\">\n\t\t\t<div class=\"elementor-widget-wrap elementor-element-populated\">\n\t\t\t\t\t\t\t\t<div class=\"elementor-element elementor-element-165b7005 aleft elementor-widget elementor-widget-wgl-double-heading\" data-id=\"165b7005\" data-element_type=\"widget\" data-widget_type=\"wgl-double-heading.default\">\n\t\t\t\t<div class=\"elementor-widget-container\">\n\t\t\t<div class=\"wgl-double-heading\"><div class=\"dblh__wrapper\"><h3 class=\"dblh__title-wrapper\"><span class=\"dblh__title dblh__title-1\">Solicitar informaci\u00f3n<\/span><\/h3><\/div><\/div>\t\t<\/div>\n\t\t\t\t<\/div>\n\t\t\t\t<div class=\"elementor-element elementor-element-6af26b97 elementor-widget elementor-widget-text-editor\" data-id=\"6af26b97\" data-element_type=\"widget\" data-widget_type=\"text-editor.default\">\n\t\t\t\t<div class=\"elementor-widget-container\">\n\t\t\t\t\t\t\t<p><span>\u00bfQuieres recibir m\u00e1s informaci\u00f3n? D\u00e9janos un mensaje y te contactaremos lo antes posible.<\/span><\/p>\t\t\t\t\t\t<\/div>\n\t\t\t\t<\/div>\n\t\t\t\t<div class=\"elementor-element elementor-element-6fa28400 aleft elementor-widget elementor-widget-wgl-contact-form-7\" data-id=\"6fa28400\" data-element_type=\"widget\" data-widget_type=\"wgl-contact-form-7.default\">\n\t\t\t\t<div class=\"elementor-widget-container\">\n\t\t\t<div class=\"wgl-contact-form-7\">\n<div class=\"wpcf7 no-js\" id=\"wpcf7-f6113-o1\" lang=\"en-US\" dir=\"ltr\">\n<div class=\"screen-reader-response\"><p role=\"status\" aria-live=\"polite\" aria-atomic=\"true\"><\/p> <ul><\/ul><\/div>\n<form action=\"\/es\/wp-json\/wp\/v2\/pages\/6075#wpcf7-f6113-o1\" method=\"post\" class=\"wpcf7-form init\" aria-label=\"Formulario de contacto\" novalidate=\"novalidate\" data-status=\"init\">\n<div style=\"display: none;\">\n<input type=\"hidden\" name=\"_wpcf7\" value=\"6113\" \/>\n<input type=\"hidden\" name=\"_wpcf7_version\" value=\"5.8.1\" \/>\n<input type=\"hidden\" name=\"_wpcf7_locale\" value=\"en_US\" \/>\n<input type=\"hidden\" name=\"_wpcf7_unit_tag\" value=\"wpcf7-f6113-o1\" \/>\n<input type=\"hidden\" name=\"_wpcf7_container_post\" value=\"0\" \/>\n<input type=\"hidden\" name=\"_wpcf7_posted_data_hash\" value=\"\" \/>\n<input type=\"hidden\" name=\"_wpcf7_recaptcha_response\" value=\"\" \/>\n<\/div>\n<div class='row'>\n<div class='wgl_col-6'>\n<span class=\"wpcf7-form-control-wrap\" data-name=\"nome-cognome\"><input size=\"40\" class=\"wpcf7-form-control wpcf7-text wpcf7-validates-as-required\" aria-required=\"true\" aria-invalid=\"false\" placeholder=\"Nombre y Apellido\" value=\"\" type=\"text\" name=\"nome-cognome\" \/><\/span>\n<\/div>\n<div class='wgl_col-6'>\n<span class=\"wpcf7-form-control-wrap\" data-name=\"azienda\"><input size=\"40\" class=\"wpcf7-form-control wpcf7-text wpcf7-validates-as-required\" aria-required=\"true\" aria-invalid=\"false\" placeholder=\"Empresa\" value=\"\" type=\"text\" name=\"azienda\" \/><\/span>\n<\/div>\n<div class='wgl_col-6'>\n<span class=\"wpcf7-form-control-wrap\" data-name=\"localita\"><input size=\"40\" class=\"wpcf7-form-control wpcf7-text wpcf7-validates-as-required\" aria-required=\"true\" aria-invalid=\"false\" placeholder=\"Ciudad\" value=\"\" type=\"text\" name=\"localita\" \/><\/span>\n<\/div>\n<div class='wgl_col-6'>\n<span class=\"wpcf7-form-control-wrap\" data-name=\"telefono\"><input size=\"40\" class=\"wpcf7-form-control wpcf7-tel wpcf7-validates-as-required wpcf7-text wpcf7-validates-as-tel\" aria-required=\"true\" aria-invalid=\"false\" placeholder=\"Telefono\" value=\"\" type=\"tel\" name=\"telefono\" \/><\/span>\n<\/div>\n<div class='wgl_col-12'>\n<span class=\"wpcf7-form-control-wrap\" data-name=\"email\"><input size=\"40\" class=\"wpcf7-form-control wpcf7-email wpcf7-validates-as-required wpcf7-text wpcf7-validates-as-email\" aria-required=\"true\" aria-invalid=\"false\" placeholder=\"E-mail\" value=\"\" type=\"email\" name=\"email\" \/><\/span>\n<\/div>\n<div class='wgl_col-12'>\n<span class=\"wpcf7-form-control-wrap\" data-name=\"messaggio\"><textarea cols=\"40\" rows=\"10\" class=\"wpcf7-form-control wpcf7-textarea wpcf7-validates-as-required\" aria-required=\"true\" aria-invalid=\"false\" placeholder=\"Motivo de la asistencia\" name=\"messaggio\"><\/textarea><\/span>\n<div class=\"privacy-block\">\n<strong>Condiciones y t\u00e9rminos de uso del servicio<\/strong><br>\n<a data-extera-gdpr=\"GDPR-trattamento\">Tratamiento de datos personales conforme al Decreto Legislativo n. 196\/03 y GDPR 679\/2016 y la normativa aplicable<\/a>\n<br>\nCon el previo consentimiento del Usuario, MF Packaging S.R.L. proporcionar\u00e1, de manera gratuita y a solicitud expresa del Usuario, una serie de informaciones (por correo electr\u00f3nico) relacionadas con el tema indicado por el Usuario.<br>\n<div class='check'><span class=\"wpcf7-form-control-wrap\" data-name=\"privacy_policy_a\"><span class=\"wpcf7-form-control wpcf7-acceptance\"><span class=\"wpcf7-list-item\"><input type=\"checkbox\" name=\"privacy_policy_a\" value=\"1\" aria-invalid=\"false\" \/><\/span><\/span><\/span> Acepto <\/div><br>\n<\/div>\n<\/div>\n<br>\n<div class='wgl_col-12'>\n<div class=\"wgl-button-cf7\">\n<input class=\"wpcf7-form-control wpcf7-submit has-spinner\" type=\"submit\" value=\"Enviar\" \/>\n<i class=\"flaticon flaticon-right\"><\/i>\n<\/div>\n<\/div>\n<\/div><div class=\"wpcf7-response-output\" aria-hidden=\"true\"><\/div>\n<\/form>\n<\/div>\n<\/div>\t\t<\/div>\n\t\t\t\t<\/div>\n\t\t\t\t\t<\/div>\n\t\t<\/div>\n\t\t\t\t\t\t\t<\/div>\n\t\t<\/section>\n\t\t\t\t\t\t\t<\/div>\n\t\t","protected":false},"excerpt":{"rendered":"<p>Atenci\u00f3n al cliente y servicio post-venta MF PACKAGING ofrece asistencia y soporte a sus clientes durante el servicio de venta y posventa, para garantizar calidad y profesionalidad, en nombre de la tradici\u00f3n de la empresa. Solicitar informaci\u00f3n Consulta Inicial Control de calidad Gesti\u00f3n de projecto Tecnolog\u00eda hecha a medida Assitencia postventa MF PACKAGING garantiza asistencia [&hellip;]<\/p>\n","protected":false},"author":1,"featured_media":0,"parent":0,"menu_order":0,"comment_status":"closed","ping_status":"closed","template":"elementor_header_footer","meta":{"footnotes":""},"yoast_head":"<!-- This site is optimized with the Yoast SEO plugin v22.0 - https:\/\/yoast.com\/wordpress\/plugins\/seo\/ -->\n<title>Area de cliente - MF Packaging Machines<\/title>\n<meta name=\"robots\" content=\"index, follow, max-snippet:-1, max-image-preview:large, max-video-preview:-1\" \/>\n<link rel=\"canonical\" href=\"https:\/\/www.mfpackaging.it\/es\/area-de-cliente\/\" \/>\n<meta property=\"og:locale\" content=\"es_ES\" \/>\n<meta property=\"og:type\" content=\"article\" \/>\n<meta property=\"og:title\" content=\"Area de cliente - MF Packaging Machines\" \/>\n<meta property=\"og:description\" content=\"Atenci\u00f3n al cliente y servicio post-venta MF PACKAGING ofrece asistencia y soporte a sus clientes durante el servicio de venta y posventa, para garantizar calidad y profesionalidad, en nombre de la tradici\u00f3n de la empresa. Solicitar informaci\u00f3n Consulta Inicial Control de calidad Gesti\u00f3n de projecto Tecnolog\u00eda hecha a medida Assitencia postventa MF PACKAGING garantiza asistencia [&hellip;]\" \/>\n<meta property=\"og:url\" content=\"https:\/\/www.mfpackaging.it\/es\/area-de-cliente\/\" \/>\n<meta property=\"og:site_name\" content=\"MF Packaging Machines\" \/>\n<meta property=\"article:modified_time\" content=\"2024-10-07T09:50:43+00:00\" \/>\n<meta name=\"twitter:card\" content=\"summary_large_image\" \/>\n<meta name=\"twitter:label1\" content=\"Tiempo de lectura\" \/>\n\t<meta name=\"twitter:data1\" content=\"3 minutos\" \/>\n<script type=\"application\/ld+json\" class=\"yoast-schema-graph\">{\"@context\":\"https:\/\/schema.org\",\"@graph\":[{\"@type\":\"WebPage\",\"@id\":\"https:\/\/www.mfpackaging.it\/es\/area-de-cliente\/\",\"url\":\"https:\/\/www.mfpackaging.it\/es\/area-de-cliente\/\",\"name\":\"Area de cliente - MF Packaging Machines\",\"isPartOf\":{\"@id\":\"https:\/\/www.mfpackaging.it\/#website\"},\"datePublished\":\"2023-12-04T10:23:47+00:00\",\"dateModified\":\"2024-10-07T09:50:43+00:00\",\"breadcrumb\":{\"@id\":\"https:\/\/www.mfpackaging.it\/es\/area-de-cliente\/#breadcrumb\"},\"inLanguage\":\"es\",\"potentialAction\":[{\"@type\":\"ReadAction\",\"target\":[\"https:\/\/www.mfpackaging.it\/es\/area-de-cliente\/\"]}]},{\"@type\":\"BreadcrumbList\",\"@id\":\"https:\/\/www.mfpackaging.it\/es\/area-de-cliente\/#breadcrumb\",\"itemListElement\":[{\"@type\":\"ListItem\",\"position\":1,\"name\":\"Home\",\"item\":\"https:\/\/www.mfpackaging.it\/es\/\"},{\"@type\":\"ListItem\",\"position\":2,\"name\":\"Area de cliente\"}]},{\"@type\":\"WebSite\",\"@id\":\"https:\/\/www.mfpackaging.it\/#website\",\"url\":\"https:\/\/www.mfpackaging.it\/\",\"name\":\"MF Packaging Machine\",\"description\":\"Let&#039;s pack your business\",\"potentialAction\":[{\"@type\":\"SearchAction\",\"target\":{\"@type\":\"EntryPoint\",\"urlTemplate\":\"https:\/\/www.mfpackaging.it\/?s={search_term_string}\"},\"query-input\":\"required name=search_term_string\"}],\"inLanguage\":\"es\"}]}<\/script>\n<!-- \/ Yoast SEO plugin. -->","yoast_head_json":{"title":"Area de cliente - MF Packaging Machines","robots":{"index":"index","follow":"follow","max-snippet":"max-snippet:-1","max-image-preview":"max-image-preview:large","max-video-preview":"max-video-preview:-1"},"canonical":"https:\/\/www.mfpackaging.it\/es\/area-de-cliente\/","og_locale":"es_ES","og_type":"article","og_title":"Area de cliente - MF Packaging Machines","og_description":"Atenci\u00f3n al cliente y servicio post-venta MF PACKAGING ofrece asistencia y soporte a sus clientes durante el servicio de venta y posventa, para garantizar calidad y profesionalidad, en nombre de la tradici\u00f3n de la empresa. Solicitar informaci\u00f3n Consulta Inicial Control de calidad Gesti\u00f3n de projecto Tecnolog\u00eda hecha a medida Assitencia postventa MF PACKAGING garantiza asistencia [&hellip;]","og_url":"https:\/\/www.mfpackaging.it\/es\/area-de-cliente\/","og_site_name":"MF Packaging Machines","article_modified_time":"2024-10-07T09:50:43+00:00","twitter_card":"summary_large_image","twitter_misc":{"Tiempo de lectura":"3 minutos"},"schema":{"@context":"https:\/\/schema.org","@graph":[{"@type":"WebPage","@id":"https:\/\/www.mfpackaging.it\/es\/area-de-cliente\/","url":"https:\/\/www.mfpackaging.it\/es\/area-de-cliente\/","name":"Area de cliente - MF Packaging Machines","isPartOf":{"@id":"https:\/\/www.mfpackaging.it\/#website"},"datePublished":"2023-12-04T10:23:47+00:00","dateModified":"2024-10-07T09:50:43+00:00","breadcrumb":{"@id":"https:\/\/www.mfpackaging.it\/es\/area-de-cliente\/#breadcrumb"},"inLanguage":"es","potentialAction":[{"@type":"ReadAction","target":["https:\/\/www.mfpackaging.it\/es\/area-de-cliente\/"]}]},{"@type":"BreadcrumbList","@id":"https:\/\/www.mfpackaging.it\/es\/area-de-cliente\/#breadcrumb","itemListElement":[{"@type":"ListItem","position":1,"name":"Home","item":"https:\/\/www.mfpackaging.it\/es\/"},{"@type":"ListItem","position":2,"name":"Area de cliente"}]},{"@type":"WebSite","@id":"https:\/\/www.mfpackaging.it\/#website","url":"https:\/\/www.mfpackaging.it\/","name":"MF Packaging Machine","description":"Let&#039;s pack your business","potentialAction":[{"@type":"SearchAction","target":{"@type":"EntryPoint","urlTemplate":"https:\/\/www.mfpackaging.it\/?s={search_term_string}"},"query-input":"required name=search_term_string"}],"inLanguage":"es"}]}},"featured_image_src":null,"featured_image_src_square":null,"_links":{"self":[{"href":"https:\/\/www.mfpackaging.it\/es\/wp-json\/wp\/v2\/pages\/6075"}],"collection":[{"href":"https:\/\/www.mfpackaging.it\/es\/wp-json\/wp\/v2\/pages"}],"about":[{"href":"https:\/\/www.mfpackaging.it\/es\/wp-json\/wp\/v2\/types\/page"}],"author":[{"embeddable":true,"href":"https:\/\/www.mfpackaging.it\/es\/wp-json\/wp\/v2\/users\/1"}],"replies":[{"embeddable":true,"href":"https:\/\/www.mfpackaging.it\/es\/wp-json\/wp\/v2\/comments?post=6075"}],"version-history":[{"count":0,"href":"https:\/\/www.mfpackaging.it\/es\/wp-json\/wp\/v2\/pages\/6075\/revisions"}],"wp:attachment":[{"href":"https:\/\/www.mfpackaging.it\/es\/wp-json\/wp\/v2\/media?parent=6075"}],"curies":[{"name":"wp","href":"https:\/\/api.w.org\/{rel}","templated":true}]}}