{"id":6522,"date":"2024-08-08T14:49:58","date_gmt":"2024-08-08T14:49:58","guid":{"rendered":"https:\/\/www.mfpackaging.it\/il-nostro-team-al-lavoro-2\/"},"modified":"2024-10-17T12:00:55","modified_gmt":"2024-10-17T12:00:55","slug":"nuestro-equipo-en-el-trabajo","status":"publish","type":"page","link":"https:\/\/www.mfpackaging.it\/es\/nuestro-equipo-en-el-trabajo\/","title":{"rendered":"nuestro equipo en el trabajo"},"content":{"rendered":"\t\t<div data-elementor-type=\"wp-page\" data-elementor-id=\"6522\" class=\"elementor elementor-6522 elementor-6519\">\n\t\t\t\t\t\t\t<div class=\"elementor-element elementor-element-7871af20 e-con-full e-flex e-con e-parent\" data-id=\"7871af20\" data-element_type=\"container\" data-settings=\"{&quot;content_width&quot;:&quot;full&quot;,&quot;background_background&quot;:&quot;classic&quot;}\" data-core-v316-plus=\"true\">\n\t\t\t\t<div class=\"elementor-element elementor-element-5a1909e7 elementor-widget elementor-widget-heading\" data-id=\"5a1909e7\" data-element_type=\"widget\" data-widget_type=\"heading.default\">\n\t\t\t\t<div class=\"elementor-widget-container\">\n\t\t\t<h2 class=\"elementor-heading-title elementor-size-default\">Nuestro equipo <br>\nen el trabajo<\/h2>\t\t<\/div>\n\t\t\t\t<\/div>\n\t\t\t\t<div class=\"elementor-element elementor-element-13beb2e3 elementor-widget elementor-widget-spacer\" data-id=\"13beb2e3\" data-element_type=\"widget\" data-widget_type=\"spacer.default\">\n\t\t\t\t<div class=\"elementor-widget-container\">\n\t\t\t\t\t<div class=\"elementor-spacer\">\n\t\t\t<div class=\"elementor-spacer-inner\"><\/div>\n\t\t<\/div>\n\t\t\t\t<\/div>\n\t\t\t\t<\/div>\n\t\t\t\t<\/div>\n\t\t\t\t<section class=\"elementor-section elementor-top-section elementor-element elementor-element-2db5cfd elementor-reverse-tablet elementor-reverse-mobile elementor-section-boxed elementor-section-height-default elementor-section-height-default\" data-id=\"2db5cfd\" data-element_type=\"section\">\n\t\t\t\t\t\t<div class=\"elementor-container elementor-column-gap-default\">\n\t\t\t\t\t<div class=\"elementor-column elementor-col-50 elementor-top-column elementor-element elementor-element-5e4ec488\" data-id=\"5e4ec488\" data-element_type=\"column\">\n\t\t\t<div class=\"elementor-widget-wrap elementor-element-populated\">\n\t\t\t\t\t\t\t\t<div class=\"elementor-element elementor-element-25dd596f elementor-widget__width-inherit elementor-widget elementor-widget-wgl-image-layers\" data-id=\"25dd596f\" data-element_type=\"widget\" data-widget_type=\"wgl-image-layers.default\">\n\t\t\t\t<div class=\"elementor-widget-container\">\n\t\t\t<div class=\"wgl-image-layers\"><div class=\"img-layer_image-wrapper slide_right elementor-repeater-item-8169710\" style=\"z-index: 1\">\n                <div class=\"img-layer_item\">\n                    <div class=\"img-layer_image\" style=\"transition: all 800ms; transition-delay: 600ms;\">\n                        <img decoding=\"async\" src=\"https:\/\/www.mfpackaging.it\/wp-content\/uploads\/2024\/05\/IMG_7665-1-1.jpg\" alt=\"IMG_7665 (1) (1)\" \/>\n                    <\/div>\n                <\/div>\n            <\/div> <\/div>\t\t<\/div>\n\t\t\t\t<\/div>\n\t\t\t\t\t<\/div>\n\t\t<\/div>\n\t\t\t\t<div class=\"elementor-column elementor-col-50 elementor-top-column elementor-element elementor-element-91ed41b\" data-id=\"91ed41b\" data-element_type=\"column\">\n\t\t\t<div class=\"elementor-widget-wrap elementor-element-populated\">\n\t\t\t\t\t\t\t\t<div class=\"elementor-element elementor-element-f034155 elementor-widget__width-initial aleft elementor-widget elementor-widget-wgl-double-heading\" data-id=\"f034155\" data-element_type=\"widget\" data-widget_type=\"wgl-double-heading.default\">\n\t\t\t\t<div class=\"elementor-widget-container\">\n\t\t\t<div class=\"wgl-double-heading\"><div class=\"dblh__wrapper\"><h3 class=\"dblh__title-wrapper\"><span class=\"dblh__title dblh__title-1\">PARA OFRECERTE EL M\u00c1XIMO, <\/span><span class=\"dblh__title dblh__title-2\">DAMOS EL M\u00c1XIMO\u2026 <\/span><span class=\"dblh__title dblh__title-3\"> \u00a1EN CADA FASE DEL PROYECTO!<\/span><\/h3><\/div><\/div>\t\t<\/div>\n\t\t\t\t<\/div>\n\t\t\t\t<div class=\"elementor-element elementor-element-63fa5e0 elementor-widget elementor-widget-spacer\" data-id=\"63fa5e0\" data-element_type=\"widget\" data-widget_type=\"spacer.default\">\n\t\t\t\t<div class=\"elementor-widget-container\">\n\t\t\t\t\t<div class=\"elementor-spacer\">\n\t\t\t<div class=\"elementor-spacer-inner\"><\/div>\n\t\t<\/div>\n\t\t\t\t<\/div>\n\t\t\t\t<\/div>\n\t\t\t\t<div class=\"elementor-element elementor-element-a6bef46 elementor-widget__width-initial elementor-widget-tablet__width-inherit elementor-widget elementor-widget-text-editor\" data-id=\"a6bef46\" data-element_type=\"widget\" data-widget_type=\"text-editor.default\">\n\t\t\t\t<div class=\"elementor-widget-container\">\n\t\t\t\t\t\t\t<p>Gracias a m\u00e1s de 25 a\u00f1os de experiencia e innumerables clientes satisfechos en todo el mundo, hemos definido un m\u00e9todo de trabajo preciso y bien organizado que nos permite transformar las necesidades individuales de cada cliente en un desaf\u00edo que debemos superar juntos.<\/p>\t\t\t\t\t\t<\/div>\n\t\t\t\t<\/div>\n\t\t\t\t\t<\/div>\n\t\t<\/div>\n\t\t\t\t\t\t\t<\/div>\n\t\t<\/section>\n\t\t\t\t<section class=\"elementor-section elementor-top-section elementor-element elementor-element-48eb868 elementor-section-boxed elementor-section-height-default elementor-section-height-default\" data-id=\"48eb868\" data-element_type=\"section\" id=\"proceso\">\n\t\t\t\t\t\t<div class=\"elementor-container elementor-column-gap-default\">\n\t\t\t\t\t<div class=\"elementor-column elementor-col-100 elementor-top-column elementor-element elementor-element-7f18b9a sticky-sidebar\" data-id=\"7f18b9a\" data-element_type=\"column\">\n\t\t\t<div class=\"elementor-widget-wrap elementor-element-populated\">\n\t\t\t\t\t\t\t\t<div class=\"elementor-element elementor-element-6136aae divider-yes aleft elementor-widget elementor-widget-wgl-double-heading\" data-id=\"6136aae\" data-element_type=\"widget\" data-widget_type=\"wgl-double-heading.default\">\n\t\t\t\t<div class=\"elementor-widget-container\">\n\t\t\t<div class=\"wgl-double-heading\"><div class=\"dblh__subtitle\">Proceso productivo<\/div><div class=\"dblh__wrapper\"><h3 class=\"dblh__title-wrapper\"><span class=\"dblh__title dblh__title-1\">As\u00ed trabaja nuestro equipo:<\/span><\/h3><\/div><\/div>\t\t<\/div>\n\t\t\t\t<\/div>\n\t\t\t\t\t<\/div>\n\t\t<\/div>\n\t\t\t\t\t\t\t<\/div>\n\t\t<\/section>\n\t\t\t\t<section class=\"elementor-section elementor-top-section elementor-element elementor-element-4dff2a9 elementor-section-boxed elementor-section-height-default elementor-section-height-default\" data-id=\"4dff2a9\" data-element_type=\"section\">\n\t\t\t\t\t\t<div class=\"elementor-container elementor-column-gap-default\">\n\t\t\t\t\t<div class=\"elementor-column elementor-col-100 elementor-top-column elementor-element elementor-element-2e2aad8\" data-id=\"2e2aad8\" data-element_type=\"column\">\n\t\t\t<div class=\"elementor-widget-wrap elementor-element-populated\">\n\t\t\t\t\t\t\t\t<div class=\"elementor-element elementor-element-271c048 elementor-view-stacked aleft elementor-widget-image-box wgl-image-box elementor-widget elementor-widget-wgl-info-box\" data-id=\"271c048\" data-element_type=\"widget\" data-widget_type=\"wgl-info-box.default\">\n\t\t\t\t<div class=\"elementor-widget-container\">\n\t\t\t<div class=\"wgl-infobox\"><div class=\"wgl-infobox_wrapper wgl-layout-top\"><div class=\"media-wrapper img-wrapper\"><figure class=\"wgl-image-box_img\"><span ><img loading=\"lazy\" decoding=\"async\" width=\"600\" height=\"400\" src=\"https:\/\/www.mfpackaging.it\/wp-content\/uploads\/2024\/02\/Fase-1-600x400.jpg\" class=\"attachment-gb-block-post-grid-landscape size-gb-block-post-grid-landscape wp-image-5109\" alt=\"\" \/><\/span><\/figure><\/div><div class=\"content_wrapper\"><div class=\"wgl-infobox-title_wrapper\"><h3 class=\"wgl-infobox_title\"><span class=\"wgl-infobox_title-idle\">SOLICITUD DE OFERTA<\/span><\/h3><\/div><div class=\"wgl-infobox_content\"><ul><li>Recepci\u00f3n y an\u00e1lisis de la U.R.S del cliente.<\/li><li>Recogida de toda la informaci\u00f3n por parte del responsable del \u00e1rea.<\/li><li>Propuesta econ\u00f3mica y aceptaci\u00f3n por parte del cliente.\u00a0<\/li><li>Compartir especificaciones con el departamento t\u00e9cnico.<\/li><\/ul><\/div><div class=\"wgl-infobox_bg_text\">1<\/div><\/div><\/div><\/div>\t\t<\/div>\n\t\t\t\t<\/div>\n\t\t\t\t<div class=\"elementor-element elementor-element-d70e13b elementor-view-stacked aleft elementor-widget-image-box wgl-image-box elementor-widget elementor-widget-wgl-info-box\" data-id=\"d70e13b\" data-element_type=\"widget\" data-widget_type=\"wgl-info-box.default\">\n\t\t\t\t<div class=\"elementor-widget-container\">\n\t\t\t<div class=\"wgl-infobox\"><div class=\"wgl-infobox_wrapper wgl-layout-top\"><div class=\"media-wrapper img-wrapper\"><figure class=\"wgl-image-box_img\"><span ><img loading=\"lazy\" decoding=\"async\" width=\"600\" height=\"400\" src=\"https:\/\/www.mfpackaging.it\/wp-content\/uploads\/2024\/02\/Fase-2-600x400.jpg\" class=\"attachment-gb-block-post-grid-landscape size-gb-block-post-grid-landscape wp-image-5091\" alt=\"\" \/><\/span><\/figure><\/div><div class=\"content_wrapper\"><div class=\"wgl-infobox-title_wrapper\"><h3 class=\"wgl-infobox_title\"><span class=\"wgl-infobox_title-idle\">INTERCAMBIO DE ESPECIFICACIONES<\/span><\/h3><\/div><div class=\"wgl-infobox_content\"><ul><li><span style=\"font-weight: 400;\"> Pruebas de pel\u00edculas y productos en nuestros laboratorios.<\/span><\/li><li><span style=\"font-weight: 400;\"> Definici\u00f3n de especificaciones de la m\u00e1quina: dosificaci\u00f3n y dise\u00f1o.\u00a0<\/span><\/li><li><span style=\"font-weight: 400;\"> Compartir especificaciones t\u00e9cnicas con el cliente.<\/span><\/li><\/ul><\/div><div class=\"wgl-infobox_bg_text\">2<\/div><\/div><\/div><\/div>\t\t<\/div>\n\t\t\t\t<\/div>\n\t\t\t\t<div class=\"elementor-element elementor-element-43bba36 elementor-view-stacked aleft elementor-widget-image-box wgl-image-box elementor-widget elementor-widget-wgl-info-box\" data-id=\"43bba36\" data-element_type=\"widget\" data-widget_type=\"wgl-info-box.default\">\n\t\t\t\t<div class=\"elementor-widget-container\">\n\t\t\t<div class=\"wgl-infobox\"><div class=\"wgl-infobox_wrapper wgl-layout-top\"><div class=\"media-wrapper img-wrapper\"><figure class=\"wgl-image-box_img\"><span ><img loading=\"lazy\" decoding=\"async\" width=\"600\" height=\"400\" src=\"https:\/\/www.mfpackaging.it\/wp-content\/uploads\/2024\/02\/Fase-3-600x400.jpg\" class=\"attachment-gb-block-post-grid-landscape size-gb-block-post-grid-landscape wp-image-5088\" alt=\"\" \/><\/span><\/figure><\/div><div class=\"content_wrapper\"><div class=\"wgl-infobox-title_wrapper\"><h3 class=\"wgl-infobox_title\"><span class=\"wgl-infobox_title-idle\">KICK-OFF MEETING<\/span><\/h3><\/div><div class=\"wgl-infobox_content\"><ul><li><span style=\"font-weight: 400;\"> Definici\u00f3n de la fase de construcci\u00f3n de la m\u00e1quina.\u00a0<\/span><\/li><li><span style=\"font-weight: 400;\"> Definici\u00f3n del procedimiento de instalaci\u00f3n de la m\u00e1quina.<\/span><\/li><\/ul><\/div><div class=\"wgl-infobox_bg_text\">3<\/div><\/div><\/div><\/div>\t\t<\/div>\n\t\t\t\t<\/div>\n\t\t\t\t<div class=\"elementor-element elementor-element-ee3818f elementor-view-stacked aleft elementor-widget-image-box wgl-image-box elementor-widget elementor-widget-wgl-info-box\" data-id=\"ee3818f\" data-element_type=\"widget\" data-widget_type=\"wgl-info-box.default\">\n\t\t\t\t<div class=\"elementor-widget-container\">\n\t\t\t<div class=\"wgl-infobox\"><div class=\"wgl-infobox_wrapper wgl-layout-top\"><div class=\"media-wrapper img-wrapper\"><figure class=\"wgl-image-box_img\"><span ><img loading=\"lazy\" decoding=\"async\" width=\"600\" height=\"400\" src=\"https:\/\/www.mfpackaging.it\/wp-content\/uploads\/2024\/02\/Fase-4-600x400.jpg\" class=\"attachment-gb-block-post-grid-landscape size-gb-block-post-grid-landscape wp-image-5097\" alt=\"\" \/><\/span><\/figure><\/div><div class=\"content_wrapper\"><div class=\"wgl-infobox-title_wrapper\"><h3 class=\"wgl-infobox_title\"><span class=\"wgl-infobox_title-idle\">PLANIFICAC\u00cdON Y PRODUCCI\u00d3N<\/span><\/h3><\/div><div class=\"wgl-infobox_content\"><ul><li><span style=\"font-weight: 400;\"> Dise\u00f1o mediante CAD 3D.<\/span><\/li><li><span style=\"font-weight: 400;\"> Env\u00edo de pedidos a proveedores mediante sistema de gesti\u00f3n MRP.<\/span><\/li><li><span style=\"font-weight: 400;\"> Montaje mec\u00e1nico de la m\u00e1quina.\u00a0<\/span><\/li><li><span style=\"font-weight: 400;\"> Control de calidad final.<\/span><\/li><\/ul><\/div><div class=\"wgl-infobox_bg_text\">4<\/div><\/div><\/div><\/div>\t\t<\/div>\n\t\t\t\t<\/div>\n\t\t\t\t<div class=\"elementor-element elementor-element-95e05a7 elementor-view-stacked aleft elementor-widget-image-box wgl-image-box elementor-widget elementor-widget-wgl-info-box\" data-id=\"95e05a7\" data-element_type=\"widget\" data-widget_type=\"wgl-info-box.default\">\n\t\t\t\t<div class=\"elementor-widget-container\">\n\t\t\t<div class=\"wgl-infobox\"><div class=\"wgl-infobox_wrapper wgl-layout-top\"><div class=\"media-wrapper img-wrapper\"><figure class=\"wgl-image-box_img\"><span ><img loading=\"lazy\" decoding=\"async\" width=\"600\" height=\"400\" src=\"https:\/\/www.mfpackaging.it\/wp-content\/uploads\/2024\/02\/Fase-5-600x400.jpg\" class=\"attachment-gb-block-post-grid-landscape size-gb-block-post-grid-landscape wp-image-5106\" alt=\"\" \/><\/span><\/figure><\/div><div class=\"content_wrapper\"><div class=\"wgl-infobox-title_wrapper\"><h3 class=\"wgl-infobox_title\"><span class=\"wgl-infobox_title-idle\">FAT<\/span><\/h3><\/div><div class=\"wgl-infobox_content\"><ul><li><span style=\"font-weight: 400;\"> Fase de aceptaci\u00f3n de la m\u00e1quina por parte del cliente realizada en MF Packaging.\u00a0<\/span><\/li><li><span style=\"font-weight: 400;\"> Pruebas de acuerdo con las solicitudes del cliente (U.R.S.)<\/span><\/li><\/ul><\/div><div class=\"wgl-infobox_bg_text\">5<\/div><\/div><\/div><\/div>\t\t<\/div>\n\t\t\t\t<\/div>\n\t\t\t\t<div class=\"elementor-element elementor-element-9ec3b6c elementor-view-stacked aleft elementor-widget-image-box wgl-image-box elementor-widget elementor-widget-wgl-info-box\" data-id=\"9ec3b6c\" data-element_type=\"widget\" data-widget_type=\"wgl-info-box.default\">\n\t\t\t\t<div class=\"elementor-widget-container\">\n\t\t\t<div class=\"wgl-infobox\"><div class=\"wgl-infobox_wrapper wgl-layout-top\"><div class=\"media-wrapper img-wrapper\"><figure class=\"wgl-image-box_img\"><span ><img loading=\"lazy\" decoding=\"async\" width=\"600\" height=\"400\" src=\"https:\/\/www.mfpackaging.it\/wp-content\/uploads\/2024\/02\/Fase-6-600x400.jpg\" class=\"attachment-gb-block-post-grid-landscape size-gb-block-post-grid-landscape wp-image-5103\" alt=\"\" \/><\/span><\/figure><\/div><div class=\"content_wrapper\"><div class=\"wgl-infobox-title_wrapper\"><h3 class=\"wgl-infobox_title\"><span class=\"wgl-infobox_title-idle\">INSTALACI\u00d3N (SAT)<\/span><\/h3><\/div><div class=\"wgl-infobox_content\"><ul><li><span style=\"font-weight: 400;\"> Instalaci\u00f3n de la m\u00e1quina en el lugar de producci\u00f3n del cliente.\u00a0<\/span><\/li><li><span style=\"font-weight: 400;\"> Fabricaci\u00f3n de la m\u00e1quina seg\u00fan especificaciones.\u00a0<\/span><\/li><li><span style=\"font-weight: 400;\"> Formaci\u00f3n del operador por parte del t\u00e9cnico instalador de MF Packaging.<\/span><\/li><\/ul><\/div><div class=\"wgl-infobox_bg_text\">6<\/div><\/div><\/div><\/div>\t\t<\/div>\n\t\t\t\t<\/div>\n\t\t\t\t<div class=\"elementor-element elementor-element-a5dee44 elementor-view-stacked aleft elementor-widget-image-box wgl-image-box elementor-widget elementor-widget-wgl-info-box\" data-id=\"a5dee44\" data-element_type=\"widget\" data-widget_type=\"wgl-info-box.default\">\n\t\t\t\t<div class=\"elementor-widget-container\">\n\t\t\t<div class=\"wgl-infobox\"><div class=\"wgl-infobox_wrapper wgl-layout-top\"><div class=\"media-wrapper img-wrapper\"><figure class=\"wgl-image-box_img\"><span ><img loading=\"lazy\" decoding=\"async\" width=\"600\" height=\"400\" src=\"https:\/\/www.mfpackaging.it\/wp-content\/uploads\/2024\/02\/Fase-7-600x400.jpg\" class=\"attachment-gb-block-post-grid-landscape size-gb-block-post-grid-landscape wp-image-5100\" alt=\"\" \/><\/span><\/figure><\/div><div class=\"content_wrapper\"><div class=\"wgl-infobox-title_wrapper\"><h3 class=\"wgl-infobox_title\"><span class=\"wgl-infobox_title-idle\">SERVICIOS POSTVENTA<\/span><\/h3><\/div><div class=\"wgl-infobox_content\"><ul><li><span style=\"font-weight: 400;\"> Departamento de asistencia remota dedicado 24 horas al d\u00eda, 7 d\u00edas a la semana.<\/span><\/li><li><span style=\"font-weight: 400;\"> Planes de mantenimiento personalizados para nuestros clientes.<\/span><\/li><\/ul><\/div><div class=\"wgl-infobox_bg_text\">7<\/div><\/div><\/div><\/div>\t\t<\/div>\n\t\t\t\t<\/div>\n\t\t\t\t<div class=\"elementor-element elementor-element-b886ef0 elementor-view-stacked aleft elementor-widget-image-box wgl-image-box elementor-widget elementor-widget-wgl-info-box\" data-id=\"b886ef0\" data-element_type=\"widget\" data-widget_type=\"wgl-info-box.default\">\n\t\t\t\t<div class=\"elementor-widget-container\">\n\t\t\t<div class=\"wgl-infobox\"><div class=\"wgl-infobox_wrapper wgl-layout-top\"><div class=\"media-wrapper img-wrapper\"><figure class=\"wgl-image-box_img\"><span ><img loading=\"lazy\" decoding=\"async\" width=\"600\" height=\"400\" src=\"https:\/\/www.mfpackaging.it\/wp-content\/uploads\/2024\/02\/Fase-8-600x400.jpg\" class=\"attachment-gb-block-post-grid-landscape size-gb-block-post-grid-landscape wp-image-5094\" alt=\"\" \/><\/span><\/figure><\/div><div class=\"content_wrapper\"><div class=\"wgl-infobox-title_wrapper\"><h3 class=\"wgl-infobox_title\"><span class=\"wgl-infobox_title-idle\">EFICIENCIA DURANTE TODA LA VITA<\/span><\/h3><\/div><div class=\"wgl-infobox_content\"><ul><li><span style=\"font-weight: 400;\"> Construcci\u00f3n de nuestras m\u00e1quinas seg\u00fan las \u00faltimas tecnolog\u00edas mecatr\u00f3nicas.\u00a0<\/span><\/li><li><span style=\"font-weight: 400;\"> Actualizaci\u00f3n continua de t\u00e9cnicas de dise\u00f1o.\u00a0<\/span><\/li><li><span style=\"font-weight: 400;\"> Minimizaci\u00f3n de tiempos de inactividad y cambios de formato.<\/span><\/li><\/ul><\/div><div class=\"wgl-infobox_bg_text\">8<\/div><\/div><\/div><\/div>\t\t<\/div>\n\t\t\t\t<\/div>\n\t\t\t\t\t<\/div>\n\t\t<\/div>\n\t\t\t\t\t\t\t<\/div>\n\t\t<\/section>\n\t\t\t\t\t\t\t<\/div>\n\t\t","protected":false},"excerpt":{"rendered":"<p>Nuestro equipo en el trabajo PARA OFRECERTE EL M\u00c1XIMO, DAMOS EL M\u00c1XIMO\u2026 \u00a1EN CADA FASE DEL PROYECTO! Gracias a m\u00e1s de 25 a\u00f1os de experiencia e innumerables clientes satisfechos en todo el mundo, hemos definido un m\u00e9todo de trabajo preciso y bien organizado que nos permite transformar las necesidades individuales de cada cliente en un [&hellip;]<\/p>\n","protected":false},"author":1,"featured_media":0,"parent":0,"menu_order":0,"comment_status":"closed","ping_status":"closed","template":"","meta":{"footnotes":""},"yoast_head":"<!-- This site is optimized with the Yoast SEO plugin v22.0 - https:\/\/yoast.com\/wordpress\/plugins\/seo\/ -->\n<title>nuestro equipo en el trabajo - MF Packaging Machines<\/title>\n<meta name=\"robots\" content=\"index, follow, max-snippet:-1, max-image-preview:large, max-video-preview:-1\" \/>\n<link rel=\"canonical\" href=\"https:\/\/www.mfpackaging.it\/es\/nuestro-equipo-en-el-trabajo\/\" \/>\n<meta property=\"og:locale\" content=\"es_ES\" \/>\n<meta property=\"og:type\" content=\"article\" \/>\n<meta property=\"og:title\" content=\"nuestro equipo en el trabajo - MF Packaging Machines\" \/>\n<meta property=\"og:description\" content=\"Nuestro equipo en el trabajo PARA OFRECERTE EL M\u00c1XIMO, DAMOS EL M\u00c1XIMO\u2026 \u00a1EN CADA FASE DEL PROYECTO! Gracias a m\u00e1s de 25 a\u00f1os de experiencia e innumerables clientes satisfechos en todo el mundo, hemos definido un m\u00e9todo de trabajo preciso y bien organizado que nos permite transformar las necesidades individuales de cada cliente en un [&hellip;]\" \/>\n<meta property=\"og:url\" content=\"https:\/\/www.mfpackaging.it\/es\/nuestro-equipo-en-el-trabajo\/\" \/>\n<meta property=\"og:site_name\" content=\"MF Packaging Machines\" \/>\n<meta property=\"article:modified_time\" content=\"2024-10-17T12:00:55+00:00\" \/>\n<meta property=\"og:image\" content=\"https:\/\/www.mfpackaging.it\/wp-content\/uploads\/2024\/05\/IMG_7665-1-1.jpg\" \/>\n<meta name=\"twitter:card\" content=\"summary_large_image\" \/>\n<meta name=\"twitter:label1\" content=\"Tiempo de lectura\" \/>\n\t<meta name=\"twitter:data1\" content=\"4 minutos\" \/>\n<script type=\"application\/ld+json\" class=\"yoast-schema-graph\">{\"@context\":\"https:\/\/schema.org\",\"@graph\":[{\"@type\":\"WebPage\",\"@id\":\"https:\/\/www.mfpackaging.it\/es\/nuestro-equipo-en-el-trabajo\/\",\"url\":\"https:\/\/www.mfpackaging.it\/es\/nuestro-equipo-en-el-trabajo\/\",\"name\":\"nuestro equipo en el trabajo - MF Packaging Machines\",\"isPartOf\":{\"@id\":\"https:\/\/www.mfpackaging.it\/#website\"},\"datePublished\":\"2024-08-08T14:49:58+00:00\",\"dateModified\":\"2024-10-17T12:00:55+00:00\",\"breadcrumb\":{\"@id\":\"https:\/\/www.mfpackaging.it\/es\/nuestro-equipo-en-el-trabajo\/#breadcrumb\"},\"inLanguage\":\"es\",\"potentialAction\":[{\"@type\":\"ReadAction\",\"target\":[\"https:\/\/www.mfpackaging.it\/es\/nuestro-equipo-en-el-trabajo\/\"]}]},{\"@type\":\"BreadcrumbList\",\"@id\":\"https:\/\/www.mfpackaging.it\/es\/nuestro-equipo-en-el-trabajo\/#breadcrumb\",\"itemListElement\":[{\"@type\":\"ListItem\",\"position\":1,\"name\":\"Home\",\"item\":\"https:\/\/www.mfpackaging.it\/es\/\"},{\"@type\":\"ListItem\",\"position\":2,\"name\":\"nuestro equipo en el trabajo\"}]},{\"@type\":\"WebSite\",\"@id\":\"https:\/\/www.mfpackaging.it\/#website\",\"url\":\"https:\/\/www.mfpackaging.it\/\",\"name\":\"MF Packaging Machine\",\"description\":\"Let&#039;s pack your business\",\"potentialAction\":[{\"@type\":\"SearchAction\",\"target\":{\"@type\":\"EntryPoint\",\"urlTemplate\":\"https:\/\/www.mfpackaging.it\/?s={search_term_string}\"},\"query-input\":\"required name=search_term_string\"}],\"inLanguage\":\"es\"}]}<\/script>\n<!-- \/ Yoast SEO plugin. -->","yoast_head_json":{"title":"nuestro equipo en el trabajo - MF Packaging Machines","robots":{"index":"index","follow":"follow","max-snippet":"max-snippet:-1","max-image-preview":"max-image-preview:large","max-video-preview":"max-video-preview:-1"},"canonical":"https:\/\/www.mfpackaging.it\/es\/nuestro-equipo-en-el-trabajo\/","og_locale":"es_ES","og_type":"article","og_title":"nuestro equipo en el trabajo - MF Packaging Machines","og_description":"Nuestro equipo en el trabajo PARA OFRECERTE EL M\u00c1XIMO, DAMOS EL M\u00c1XIMO\u2026 \u00a1EN CADA FASE DEL PROYECTO! Gracias a m\u00e1s de 25 a\u00f1os de experiencia e innumerables clientes satisfechos en todo el mundo, hemos definido un m\u00e9todo de trabajo preciso y bien organizado que nos permite transformar las necesidades individuales de cada cliente en un [&hellip;]","og_url":"https:\/\/www.mfpackaging.it\/es\/nuestro-equipo-en-el-trabajo\/","og_site_name":"MF Packaging Machines","article_modified_time":"2024-10-17T12:00:55+00:00","og_image":[{"url":"https:\/\/www.mfpackaging.it\/wp-content\/uploads\/2024\/05\/IMG_7665-1-1.jpg"}],"twitter_card":"summary_large_image","twitter_misc":{"Tiempo de lectura":"4 minutos"},"schema":{"@context":"https:\/\/schema.org","@graph":[{"@type":"WebPage","@id":"https:\/\/www.mfpackaging.it\/es\/nuestro-equipo-en-el-trabajo\/","url":"https:\/\/www.mfpackaging.it\/es\/nuestro-equipo-en-el-trabajo\/","name":"nuestro equipo en el trabajo - MF Packaging Machines","isPartOf":{"@id":"https:\/\/www.mfpackaging.it\/#website"},"datePublished":"2024-08-08T14:49:58+00:00","dateModified":"2024-10-17T12:00:55+00:00","breadcrumb":{"@id":"https:\/\/www.mfpackaging.it\/es\/nuestro-equipo-en-el-trabajo\/#breadcrumb"},"inLanguage":"es","potentialAction":[{"@type":"ReadAction","target":["https:\/\/www.mfpackaging.it\/es\/nuestro-equipo-en-el-trabajo\/"]}]},{"@type":"BreadcrumbList","@id":"https:\/\/www.mfpackaging.it\/es\/nuestro-equipo-en-el-trabajo\/#breadcrumb","itemListElement":[{"@type":"ListItem","position":1,"name":"Home","item":"https:\/\/www.mfpackaging.it\/es\/"},{"@type":"ListItem","position":2,"name":"nuestro equipo en el trabajo"}]},{"@type":"WebSite","@id":"https:\/\/www.mfpackaging.it\/#website","url":"https:\/\/www.mfpackaging.it\/","name":"MF Packaging Machine","description":"Let&#039;s pack your business","potentialAction":[{"@type":"SearchAction","target":{"@type":"EntryPoint","urlTemplate":"https:\/\/www.mfpackaging.it\/?s={search_term_string}"},"query-input":"required name=search_term_string"}],"inLanguage":"es"}]}},"featured_image_src":null,"featured_image_src_square":null,"_links":{"self":[{"href":"https:\/\/www.mfpackaging.it\/es\/wp-json\/wp\/v2\/pages\/6522"}],"collection":[{"href":"https:\/\/www.mfpackaging.it\/es\/wp-json\/wp\/v2\/pages"}],"about":[{"href":"https:\/\/www.mfpackaging.it\/es\/wp-json\/wp\/v2\/types\/page"}],"author":[{"embeddable":true,"href":"https:\/\/www.mfpackaging.it\/es\/wp-json\/wp\/v2\/users\/1"}],"replies":[{"embeddable":true,"href":"https:\/\/www.mfpackaging.it\/es\/wp-json\/wp\/v2\/comments?post=6522"}],"version-history":[{"count":0,"href":"https:\/\/www.mfpackaging.it\/es\/wp-json\/wp\/v2\/pages\/6522\/revisions"}],"wp:attachment":[{"href":"https:\/\/www.mfpackaging.it\/es\/wp-json\/wp\/v2\/media?parent=6522"}],"curies":[{"name":"wp","href":"https:\/\/api.w.org\/{rel}","templated":true}]}}